{"id":10556,"date":"2019-10-31T10:54:46","date_gmt":"2019-10-31T09:54:46","guid":{"rendered":"https:\/\/www.asta.uni-siegen.de\/?page_id=10556"},"modified":"2019-12-04T14:58:35","modified_gmt":"2019-12-04T13:58:35","slug":"wahlbekanntmachung-2","status":"publish","type":"page","link":"https:\/\/www.asta.uni-siegen.de\/index.php\/wahlbekanntmachung-2\/","title":{"rendered":"Wahlbekanntmachung"},"content":{"rendered":"<p>Die Wahl findet vom 02.12 &#8211; 06.12.2019 statt.<\/p>\n<p><a href=\"https:\/\/www.asta.uni-siegen.de\/wp-content\/uploads\/2019\/10\/Wahlbekanntmachung2019-final-mit-Unterschrift.pdf\">Wahlbekanntmachung 2019<\/a><\/p>\n<p><a href=\"https:\/\/www.asta.uni-siegen.de\/wp-content\/uploads\/2019\/10\/Wahlbekanntmachung-Englisch-final-mit-Unterschrift.pdf\">Election notice 2019<br \/>\n<\/a><\/p>\n<p>&nbsp;<\/p>\n<p><a href=\"https:\/\/www.asta.uni-siegen.de\/wp-content\/uploads\/2019\/10\/Vorschlagsliste-FSRe-2019.pdf\">Vorschlagsliste-FSRe-2019<\/a><\/p>\n<p><a href=\"https:\/\/www.asta.uni-siegen.de\/wp-content\/uploads\/2019\/10\/Vorschlagsliste-StuPa-2019.pdf\">Vorschlagsliste-StuPa-2019<\/a><\/p>\n<p><a href=\"https:\/\/www.asta.uni-siegen.de\/wp-content\/uploads\/2019\/10\/Einverst\u00e4ndniserklaerung_fsre2019.pdf\">Einverst\u00e4ndniserklaerung_fsre2019<\/a><\/p>\n<p><a href=\"https:\/\/www.asta.uni-siegen.de\/wp-content\/uploads\/2019\/10\/Einverst\u00e4ndniserklaerung_stupa2019.pdf\">Einverst\u00e4ndniserklaerung_stupa2019<\/a><\/p>\n<p>&nbsp;<\/p>\n<p><a href=\"https:\/\/www.asta.uni-siegen.de\/wp-content\/uploads\/2019\/12\/wahlordnung_der_verfassten_studierendenschaft.pdf\">Wahlordnung der Verfassten Studierendenschaft der Universit\u00e4t Siegen<\/a><\/p>\n ","protected":false},"excerpt":{"rendered":"<p>Die Wahl findet vom 02.12 &#8211; 06.12.2019 statt. Wahlbekanntmachung 2019 Election notice 2019 &nbsp; Vorschlagsliste-FSRe-2019 Vorschlagsliste-StuPa-2019 Einverst\u00e4ndniserklaerung_fsre2019 Einverst\u00e4ndniserklaerung_stupa2019 &nbsp; Wahlordnung der Verfassten Studierendenschaft der Universit\u00e4t Siegen<\/p>\n","protected":false},"author":18,"featured_media":0,"parent":0,"menu_order":0,"comment_status":"closed","ping_status":"closed","template":"","meta":{"footnotes":""},"class_list":["post-10556","page","type-page","status-publish","hentry"],"_links":{"self":[{"href":"https:\/\/www.asta.uni-siegen.de\/index.php\/wp-json\/wp\/v2\/pages\/10556","targetHints":{"allow":["GET"]}}],"collection":[{"href":"https:\/\/www.asta.uni-siegen.de\/index.php\/wp-json\/wp\/v2\/pages"}],"about":[{"href":"https:\/\/www.asta.uni-siegen.de\/index.php\/wp-json\/wp\/v2\/types\/page"}],"author":[{"embeddable":true,"href":"https:\/\/www.asta.uni-siegen.de\/index.php\/wp-json\/wp\/v2\/users\/18"}],"replies":[{"embeddable":true,"href":"https:\/\/www.asta.uni-siegen.de\/index.php\/wp-json\/wp\/v2\/comments?post=10556"}],"version-history":[{"count":3,"href":"https:\/\/www.asta.uni-siegen.de\/index.php\/wp-json\/wp\/v2\/pages\/10556\/revisions"}],"predecessor-version":[{"id":10683,"href":"https:\/\/www.asta.uni-siegen.de\/index.php\/wp-json\/wp\/v2\/pages\/10556\/revisions\/10683"}],"wp:attachment":[{"href":"https:\/\/www.asta.uni-siegen.de\/index.php\/wp-json\/wp\/v2\/media?parent=10556"}],"curies":[{"name":"wp","href":"https:\/\/api.w.org\/{rel}","templated":true}]}}