{"id":10766,"date":"2020-01-08T15:18:18","date_gmt":"2020-01-08T14:18:18","guid":{"rendered":"https:\/\/www.asta.uni-siegen.de\/?page_id=10766"},"modified":"2021-06-15T16:37:58","modified_gmt":"2021-06-15T14:37:58","slug":"sitzungen-47-stupa","status":"publish","type":"page","link":"https:\/\/www.asta.uni-siegen.de\/index.php\/sitzungen-47-stupa\/","title":{"rendered":"Sitzungen \u2013 47. StuPa"},"content":{"rendered":"<p>Hier kannst du die Protokolle der Sitzungen des 47. Studierendenparlamentes der Uni Siegen finden. Um Personen-Tracking durch Suchmaschinen auszuschlie\u00dfen, sind alle StuPa-Protokolle mit dem Passwort \u201cWahlverwandtschaft\u201d gesch\u00fctzt.<\/p>\n<p>StuPa-Protokolle k\u00f6nnen erst hochgeladen werden, nachdem der Protokollausschuss getagt hat. Daher kommt es hierbei zu leichten Verz\u00f6gerungen<br \/>\n_________________________________________<\/p>\n<p>\ud83c\uddec\ud83c\udde7 Here you can find the minutes of the meetings of the 47th Student Parliament of the University of Siegen. In order to exclude personal tracking by search engines, all StuPa minutes are protected with the password &#8220;Wahlverwandtschaft&#8221;.<\/p>\n<p>StuPa minutes can only be uploaded after the minutes committee has met. Therefore, there will be slight delays<\/p>\n<p><a href=\"https:\/\/www.asta.uni-siegen.de\/wp-content\/uploads\/2020\/08\/17122019_StuPa_Konstituierende_Sitzung.pdf\">17.12.2019 &#8211; Konstituierende_Sitzung<\/a><\/p>\n<p><a href=\"https:\/\/www.asta.uni-siegen.de\/wp-content\/uploads\/2020\/08\/29012020_1_StuPa.pdf\">29.01.2020 &#8211; 1. Sitzung<\/a><\/p>\n<p><a href=\"https:\/\/www.asta.uni-siegen.de\/wp-content\/uploads\/2020\/08\/12032020_2_StuPa.pdf\">12.03.2020 &#8211; 2. Sitzung<\/a><\/p>\n<p><a href=\"https:\/\/www.asta.uni-siegen.de\/wp-content\/uploads\/2020\/08\/26052020_3_StuPa.pdf\">26.05.2020 &#8211; 3. Sitzung<\/a><\/p>\n<p><a href=\"https:\/\/www.asta.uni-siegen.de\/wp-content\/uploads\/2020\/08\/01072020_4_StuPa.pdf\">01.07.2020 &#8211; 4. Sitzung<\/a><\/p>\n<p><a href=\"https:\/\/www.asta.uni-siegen.de\/wp-content\/uploads\/2020\/10\/09072020_-_5_Sitzung.pdf\">09.07.2020 &#8211; 5. Sitzung<\/a><\/p>\n<p><a href=\"https:\/\/www.asta.uni-siegen.de\/wp-content\/uploads\/2020\/09\/06-04082020_6_StuPa.pdf\">04.08.2020 &#8211; 6. Sitzung<\/a><\/p>\n<p><a href=\"https:\/\/www.asta.uni-siegen.de\/wp-content\/uploads\/2020\/09\/19082020_-_7_Sitzung.pdf\">19.08.2020 &#8211; 7. Sitzung<\/a><\/p>\n<p><a href=\"https:\/\/www.asta.uni-siegen.de\/wp-content\/uploads\/2020\/12\/08-07.09.2020_8_StuPa.pdf\">07.09.2020 &#8211; 8. Sitzung<\/a><\/p>\n<p><a href=\"https:\/\/www.asta.uni-siegen.de\/wp-content\/uploads\/2020\/12\/09-06.10.2020_9_StuPa.pdf\">06.10.2020 &#8211; 9. Sitzung<\/a><\/p>\n<p><a href=\"https:\/\/www.asta.uni-siegen.de\/wp-content\/uploads\/2020\/12\/10-21.10.2020_10_StuPa.pdf\">21.10.2020 &#8211; 10. Sitzung<\/a><\/p>\n<p><a href=\"https:\/\/www.asta.uni-siegen.de\/wp-content\/uploads\/2021\/01\/11-05.11.2020_11_StuPa.pdf\">05.11.2020 &#8211; 11. Sitzung<\/a><\/p>\n<p><a href=\"https:\/\/www.asta.uni-siegen.de\/wp-content\/uploads\/2021\/01\/12-17.11.2020_12_StuPa.pdf\">17.11.2020 &#8211; 12. Sitzung<\/a><\/p>\n<p><a href=\"https:\/\/www.asta.uni-siegen.de\/wp-content\/uploads\/2021\/01\/13-25.11.2020_13_StuPa.pdf\">25.11.2020 &#8211; 13. Sitzung<\/a><\/p>\n<p><a href=\"https:\/\/www.asta.uni-siegen.de\/wp-content\/uploads\/2021\/05\/10122020_-_14_Sitzung.pdf\">10.12.2020 &#8211; 14. .Sitzung<\/a><\/p>\n<p><a href=\"https:\/\/www.asta.uni-siegen.de\/wp-content\/uploads\/2021\/05\/15-05.01.2021_15_StuPa.pdf\">05.01.2021 &#8211; 15. Sitzung<\/a><\/p>\n<p><a href=\"https:\/\/www.asta.uni-siegen.de\/wp-content\/uploads\/2021\/06\/16-28.01.2021-16_StuPa.pdf\">28.01.2021 &#8211; 16. Sitzung<\/a><\/p>\n<p><a href=\"https:\/\/www.asta.uni-siegen.de\/wp-content\/uploads\/2021\/06\/17-10.02.2021-17_StuPa.pdf\">10.02.2021 &#8211; 17. Sitzung<\/a><\/p>\n<p><a href=\"https:\/\/www.asta.uni-siegen.de\/wp-content\/uploads\/2021\/06\/18-11.03.2021-18_StuPa.pdf\">11.03.2021 &#8211; 18. Sitzung<\/a>\u00a0 \u00a0 \u00a0 \u00a0 \u00a0 \u00a0 \u00a0 \u00a0\ud83c\uddec\ud83c\udde7 <a href=\"https:\/\/www.asta.uni-siegen.de\/wp-content\/uploads\/2021\/06\/18-11.03.2021-18_Session.pdf\">11.03.2021 &#8211; 18th Session<\/a><\/p>\n ","protected":false},"excerpt":{"rendered":"<p>Hier kannst du die Protokolle der Sitzungen des 47. Studierendenparlamentes der Uni Siegen finden. Um Personen-Tracking durch Suchmaschinen auszuschlie\u00dfen, sind alle StuPa-Protokolle mit dem Passwort \u201cWahlverwandtschaft\u201d gesch\u00fctzt. StuPa-Protokolle k\u00f6nnen erst hochgeladen werden, nachdem der Protokollausschuss getagt hat. Daher kommt es hierbei zu leichten Verz\u00f6gerungen _________________________________________ \ud83c\uddec\ud83c\udde7 Here you can find the minutes of the meetings of the<\/p>\n<p><a class=\"more-link\" href=\"https:\/\/www.asta.uni-siegen.de\/index.php\/sitzungen-47-stupa\/\">Weiterlesen<\/a><\/p>\n","protected":false},"author":18,"featured_media":0,"parent":0,"menu_order":0,"comment_status":"closed","ping_status":"closed","template":"","meta":{"footnotes":""},"class_list":["post-10766","page","type-page","status-publish","hentry"],"_links":{"self":[{"href":"https:\/\/www.asta.uni-siegen.de\/index.php\/wp-json\/wp\/v2\/pages\/10766","targetHints":{"allow":["GET"]}}],"collection":[{"href":"https:\/\/www.asta.uni-siegen.de\/index.php\/wp-json\/wp\/v2\/pages"}],"about":[{"href":"https:\/\/www.asta.uni-siegen.de\/index.php\/wp-json\/wp\/v2\/types\/page"}],"author":[{"embeddable":true,"href":"https:\/\/www.asta.uni-siegen.de\/index.php\/wp-json\/wp\/v2\/users\/18"}],"replies":[{"embeddable":true,"href":"https:\/\/www.asta.uni-siegen.de\/index.php\/wp-json\/wp\/v2\/comments?post=10766"}],"version-history":[{"count":19,"href":"https:\/\/www.asta.uni-siegen.de\/index.php\/wp-json\/wp\/v2\/pages\/10766\/revisions"}],"predecessor-version":[{"id":12791,"href":"https:\/\/www.asta.uni-siegen.de\/index.php\/wp-json\/wp\/v2\/pages\/10766\/revisions\/12791"}],"wp:attachment":[{"href":"https:\/\/www.asta.uni-siegen.de\/index.php\/wp-json\/wp\/v2\/media?parent=10766"}],"curies":[{"name":"wp","href":"https:\/\/api.w.org\/{rel}","templated":true}]}}