{"id":11708,"date":"2020-10-12T16:14:42","date_gmt":"2020-10-12T14:14:42","guid":{"rendered":"http:\/\/www.asta.uni-siegen.de\/?page_id=11708"},"modified":"2021-10-06T21:40:15","modified_gmt":"2021-10-06T19:40:15","slug":"studienfinanzierung-study-financing","status":"publish","type":"page","link":"https:\/\/www.asta.uni-siegen.de\/index.php\/studienfinanzierung-study-financing\/","title":{"rendered":"Studienfinanzierung |Study financing"},"content":{"rendered":"<p>Ein Studium kostet immer auch viel Geld. Neben den Semesterbeitr\u00e4gen gilt es f\u00fcr viele Studierende auch Miete und Lebenshaltungskosten zu decken. Im Folgenden stellen wir Euch einige Finanzierungsm\u00f6glichkeiten vor. Auch f\u00fcr Familien gibt es unterschiedliche Finanzierungsm\u00f6glichkeiten.<\/p>\n<p><strong>BAf\u00f6G |<\/strong> Wenn Eltern nicht in der Lage sind finanziell zu unterst\u00fctzen, kann ein Antrag auf BAf\u00f6G beim Studierendenwerk der Universit\u00e4t Siegen gestellt werden. Diesen gibt es beim Studierendenwerk und bei uns im AStA-B\u00fcro. Ob Ihr BAf\u00f6G beziehen k\u00f6nnt oder nicht, muss immer individuell gepr\u00fcft werden. Am besten informiert ihr Euch beim BAf\u00f6G Amt dar\u00fcber. Ihr k\u00f6nnt aber auch immer gerne zu uns ins AStA-B\u00fcro kommen.<\/p>\n<p><strong>Deutschlandstipendium |<\/strong> Studierende der Universit\u00e4t Siegen k\u00f6nnen sich bis zum 16. Oktober f\u00fcr eines von etwa 90 Deutschlandstipendien bewerben. Die Stipendien stehen grunds\u00e4tzlich allen Fachrichtungen offen \u2013 einige werden jedoch vorzugsweise an Studierende bestimmter Fachrichtungen vergeben. Bewerben kann sich jede*r Studierende der Universit\u00e4t Siegen im Bachelor- und Masterstudium.<br \/>\n<a href=\"https:\/\/www.sff.uni-siegen.de\/stipendien\/studierende\/?lang=de\">Link<\/a><\/p>\n<p><strong>Daka Darlehen |<\/strong> (Zinsfrei) Um ein Daka-Darlehen zu erhalten, m\u00fcsst Ihr an einer Hochschule in Nordrhein-Westfalen eingeschrieben sein, einen Sozialbeitrag an das \u00f6rtliche Studierendenwerk entrichten und bei der Sicherung eures Lebensunterhaltes auf eine Finanzhilfe angewiesen sein. Zudem m\u00fcsst ihr eine*n B\u00fcrgenden stellen k\u00f6nnen. Lebensalter und Semesterzahl spielen bei der Darlehensvergabe eine nachgeordnete Rolle. Ein Rechtsanspruch auf die Bewilligung eines Darlehens besteht nicht.<br \/>\nHinweis: Das j\u00e4hrliche Budget der Daka ist begrenzt, so dass zeitweise nicht alle Antr\u00e4ge in der gew\u00fcnschten H\u00f6he bedient werden k\u00f6nnen.<br \/>\n<a href=\"https:\/\/www.daka-darlehen.de\/index.php?uid=7074\">Link\u00a0<\/a><br \/>\n<strong><br \/>\nKfW-Kredit |<\/strong> Der KfW-Kredit kann ebenfalls eine M\u00f6glichkeit der Studienfinanzierung darstelen, sollte aber aufgrund des hohen Zinssatzes die letzte M\u00f6glichkeit sein. Hierbei handelt es sich um eine tats\u00e4chliche Verschuldung. Sie kann Sinn machen. Lasst Euch bitte hierzu beraten. Ansprechpartner sind das Studierendenwerk der Universit\u00e4t Siegen oder die KfW-Bank direkt.<br \/>\n<a href=\"https:\/\/www.kfw.de\/inlandsfoerderung\/Privatpersonen\/Studieren-Qualifizieren\/F\u00f6rderprodukte\/KfW-Studienkredit-%28174%29\/\">Link<\/a><\/p>\n<p><strong>Familienstipendium |<\/strong> Das Familienstipendium ist ein klassisches Stipendium, welches Studierende mit Familienverantwortung in finanziell schwierigen Situationen dabei unterst\u00fctzten soll, den Studienabschluss zu erlangen. Antr\u00e4ge k\u00f6nnen ab sofort jeweils zu zwei Stichtagen im Jahr gestellt werden. F\u00fcr das Sommersemester bis zum 1. M\u00e4rz eines Jahres, f\u00fcr das Wintersemester bis zum 1. September eines Jahres. Weitere Informationen zum Stipendium erhaltet Ihr im Familienserviceb\u00fcro oder auf der Seite der Univerwsit\u00e4t Siegen.<br \/>\n<a href=\"https:\/\/www.uni-siegen.de\/gleichstellung\/familienservicebuero\/studierende\/finanzen\/?lang=de\">Link<\/a><\/p>\n<p><strong>Familiennothilfefond |<\/strong> Der Familiennothilfefond ist eine einmalige, finanzielle Unterst\u00fctzung f\u00fcr Studierende mit Familienverantwortung in akuten Notlagen und soll dazu beitragen, Studienabbr\u00fcche zu verhindern. Weitere Informationen zum Nothilfefond erhaltet Ihr im Familienserviceb\u00fcro oder auf der Seite der Universit\u00e4t Siegen.<br \/>\n<a href=\"https:\/\/www.uni-siegen.de\/gleichstellung\/familienservicebuero\/studierende\/finanzen\/?lang=de\">Link<\/a><\/p>\n<p><strong>Notfallhilfe f\u00fcr Studierende der Katholischen Hochschulgemeinde |<\/strong> Die Nothilfe kann von allen Studierenden der Universit\u00e4t Siegen beantragt werden. Sie ist allerdings nur eine einmalige Zahlung und kann h\u00f6chstens drei Mal w\u00e4hrend des gesamten Studiums beantragt werden. N\u00e4here Infosrmationen zu dieser Studienfinanzierung findet Ihr auf der Seite der KHG.<br \/>\n<a href=\"https:\/\/www.khg-siegen.de\/Beratung\/Notfallhilfe\/\">Link<\/a><\/p>\n<p><strong>Studienabschlussf\u00f6rderung der ESG |<\/strong> Die Studienabschlussf\u00f6rderung kann direkt bei der Evangelischen Studierenden Gemeinschaft (ESG) beantragt werden. Sie richtet sich vor allem an internationale Studierende und wird von International Student Affairs (ISA) verdoppelt. Sie gilt f\u00fcr die Dauer der Bachelor oder Masterarbeit.<br \/>\n<a href=\"https:\/\/esg.kirchenkreis-siegen.de\/index.php?uid=2990\">Link<\/a><\/p>\n ","protected":false},"excerpt":{"rendered":"<p>Ein Studium kostet immer auch viel Geld. Neben den Semesterbeitr\u00e4gen gilt es f\u00fcr viele Studierende auch Miete und Lebenshaltungskosten zu decken. Im Folgenden stellen wir Euch einige Finanzierungsm\u00f6glichkeiten vor. Auch f\u00fcr Familien gibt es unterschiedliche Finanzierungsm\u00f6glichkeiten. BAf\u00f6G | Wenn Eltern nicht in der Lage sind finanziell zu unterst\u00fctzen, kann ein Antrag auf BAf\u00f6G beim Studierendenwerk der Universit\u00e4t<\/p>\n<p><a class=\"more-link\" href=\"https:\/\/www.asta.uni-siegen.de\/index.php\/studienfinanzierung-study-financing\/\">Weiterlesen<\/a><\/p>\n","protected":false},"author":18,"featured_media":0,"parent":0,"menu_order":0,"comment_status":"closed","ping_status":"closed","template":"","meta":{"footnotes":""},"class_list":["post-11708","page","type-page","status-publish","hentry"],"_links":{"self":[{"href":"https:\/\/www.asta.uni-siegen.de\/index.php\/wp-json\/wp\/v2\/pages\/11708","targetHints":{"allow":["GET"]}}],"collection":[{"href":"https:\/\/www.asta.uni-siegen.de\/index.php\/wp-json\/wp\/v2\/pages"}],"about":[{"href":"https:\/\/www.asta.uni-siegen.de\/index.php\/wp-json\/wp\/v2\/types\/page"}],"author":[{"embeddable":true,"href":"https:\/\/www.asta.uni-siegen.de\/index.php\/wp-json\/wp\/v2\/users\/18"}],"replies":[{"embeddable":true,"href":"https:\/\/www.asta.uni-siegen.de\/index.php\/wp-json\/wp\/v2\/comments?post=11708"}],"version-history":[{"count":2,"href":"https:\/\/www.asta.uni-siegen.de\/index.php\/wp-json\/wp\/v2\/pages\/11708\/revisions"}],"predecessor-version":[{"id":13279,"href":"https:\/\/www.asta.uni-siegen.de\/index.php\/wp-json\/wp\/v2\/pages\/11708\/revisions\/13279"}],"wp:attachment":[{"href":"https:\/\/www.asta.uni-siegen.de\/index.php\/wp-json\/wp\/v2\/media?parent=11708"}],"curies":[{"name":"wp","href":"https:\/\/api.w.org\/{rel}","templated":true}]}}