{"id":14799,"date":"2022-10-04T11:51:32","date_gmt":"2022-10-04T09:51:32","guid":{"rendered":"https:\/\/www.asta.uni-siegen.de\/?page_id=14799"},"modified":"2022-10-11T15:12:05","modified_gmt":"2022-10-11T13:12:05","slug":"melder-widerspruch-digitale-lehre-detektor-contraction-digital-teaching","status":"publish","type":"page","link":"https:\/\/www.asta.uni-siegen.de\/index.php\/melder-widerspruch-digitale-lehre-detektor-contraction-digital-teaching\/","title":{"rendered":"Melder: Widerspruch digitale Lehre \/ Detektor: Contraction Digital Teaching"},"content":{"rendered":"\n<p>Laut dem Rektorat findet die Lehre an der Uni Siegen wieder in Pr\u00e4senz statt. Eine Vorlesung kann erg\u00e4nzend auch digital angeboten werden, ein Seminar kann in digitaler Form angeboten werden, wenn alle Teilnehmenden des Seminars einverstanden sind. In der Vergangenheit wurden Studierende hier oft \u00fcbergangen.<\/p>\n\n\n\n<p>\u00dcber diesen Melder bekommen Studierende der Universit\u00e4t Siegen die M\u00f6glichkeit anonymisiert Beschwerde einzureichen, wenn die Regelungen zur digitalen Lehre nicht eingehalten wurden. Diese wird dann an das B\u00fcro der Rektorin f\u00fcr Studium und Lehre und bei Angabe an den zust\u00e4ndigen FSR weitergeleitet. Der jeweilige Fall wird anschlie\u00dfend dort weiter behandelt.<\/p>\n\n\n\n<p><a href=\"https:\/\/docs.google.com\/forms\/d\/e\/1FAIpQLSecnmXX8H8kLrG1k4lAKOF5myvSnenJsMTO5QzfUOZ4Mn8H6w\/viewform?usp=sf_link\">Hier klicken<\/a><\/p>\n\n\n\n<p>  <\/p>\n\n\n\n<p>According to the Rectorate, teaching at the University of Siegen will again take place in person. A lecture can also be offered digitally, a seminar can be offered in digital form if all participants in the seminar agree. In the past, students were often ignored here.&nbsp;<\/p>\n\n\n\n<p>Students at the University of Siegen can use this report to submit an anonymous complaint if the regulations on digital teaching have not been complied with. This will then be forwarded to the Office of the Rector for Studies and Teaching and, if specified, to the responsible FSR. The respective case will then be dealt with further there.<\/p>\n\n\n\n<p><a href=\"https:\/\/docs.google.com\/forms\/d\/e\/1FAIpQLSd3fjzpyl5m7fPCQKY0wClXrxzuZcobwKeSfoX2VvCWWWg7vg\/viewform?usp=sf_link\">Click here<\/a><\/p>\n ","protected":false},"excerpt":{"rendered":"<p>Laut dem Rektorat findet die Lehre an der Uni Siegen wieder in Pr\u00e4senz statt. Eine Vorlesung kann erg\u00e4nzend auch digital angeboten werden, ein Seminar kann in digitaler Form angeboten werden, wenn alle Teilnehmenden des Seminars einverstanden sind. In der Vergangenheit wurden Studierende hier oft \u00fcbergangen. \u00dcber diesen Melder bekommen Studierende der Universit\u00e4t Siegen die M\u00f6glichkeit anonymisiert Beschwerde<\/p>\n<p><a class=\"more-link\" href=\"https:\/\/www.asta.uni-siegen.de\/index.php\/melder-widerspruch-digitale-lehre-detektor-contraction-digital-teaching\/\">Weiterlesen<\/a><\/p>\n","protected":false},"author":18,"featured_media":0,"parent":0,"menu_order":0,"comment_status":"closed","ping_status":"closed","template":"","meta":{"footnotes":""},"class_list":["post-14799","page","type-page","status-publish","hentry"],"_links":{"self":[{"href":"https:\/\/www.asta.uni-siegen.de\/index.php\/wp-json\/wp\/v2\/pages\/14799","targetHints":{"allow":["GET"]}}],"collection":[{"href":"https:\/\/www.asta.uni-siegen.de\/index.php\/wp-json\/wp\/v2\/pages"}],"about":[{"href":"https:\/\/www.asta.uni-siegen.de\/index.php\/wp-json\/wp\/v2\/types\/page"}],"author":[{"embeddable":true,"href":"https:\/\/www.asta.uni-siegen.de\/index.php\/wp-json\/wp\/v2\/users\/18"}],"replies":[{"embeddable":true,"href":"https:\/\/www.asta.uni-siegen.de\/index.php\/wp-json\/wp\/v2\/comments?post=14799"}],"version-history":[{"count":5,"href":"https:\/\/www.asta.uni-siegen.de\/index.php\/wp-json\/wp\/v2\/pages\/14799\/revisions"}],"predecessor-version":[{"id":14852,"href":"https:\/\/www.asta.uni-siegen.de\/index.php\/wp-json\/wp\/v2\/pages\/14799\/revisions\/14852"}],"wp:attachment":[{"href":"https:\/\/www.asta.uni-siegen.de\/index.php\/wp-json\/wp\/v2\/media?parent=14799"}],"curies":[{"name":"wp","href":"https:\/\/api.w.org\/{rel}","templated":true}]}}