{"id":15,"date":"2010-04-07T16:34:34","date_gmt":"2010-04-07T14:34:34","guid":{"rendered":"https:\/\/www.asta.uni-siegen.de\/asta\/?page_id=15"},"modified":"2024-11-28T14:16:01","modified_gmt":"2024-11-28T13:16:01","slug":"sozialberatung","status":"publish","type":"page","link":"https:\/\/www.asta.uni-siegen.de\/index.php\/about\/sozialberatung\/","title":{"rendered":"Sozialberatung (ger.\/eng.)"},"content":{"rendered":"<p><strong>E-Mail:\u00a0<\/strong>\u00a0 sozref@asta.uni-siegen.de<br \/>\n<strong>Telefon\/phone\/t\u00e9l\u00e9phone<\/strong><strong>:<\/strong> 0271 \/ 740 &#8211; 4601<\/p>\n<p><a href=\"https:\/\/terminplaner6.dfn.de\/de\/b\/6e6933710ab9d25433e6d4ba74f37a3c-963741\">Hier einen Termin bei der kostenlosen Rechtsberatung vereinbaren. | Make an appointment for free legal advice here<\/a><\/p>\n<p>*** English information below***<\/p>\n<p style=\"text-align: justify;\">In unserer Funktion als Sozialreferent*innen sehen wir uns dazu verpflichtet, grunds\u00e4tzlich allen Studierenden in allen Belangen mit Rat und Tat zur Seite zu stehen und L\u00f6sungen f\u00fcr etwaige Probleme anzubieten oder auch gemeinsam zu erarbeiten.<\/p>\n<p style=\"text-align: justify;\">Die Sozialberatung des AStA ist unabh\u00e4ngig, unb\u00fcrokratisch, diskret und kostenlos.<\/p>\n<p style=\"text-align: justify;\">Wenn ihr einmal nicht weiter wisst werden wir versuchen gemeinsam mit euch eine L\u00f6sung zu finden. Au\u00dferdem halten wir Kontakte zu verschiedenen Beratungsstellen, \u00fcber deren Angebote wir euch gerne informieren. Bei den meisten Fragen werden wir euch aber oft schon direkt helfen k\u00f6nnen. Schaut einfach bei uns vorbei!<\/p>\n<p style=\"text-align: justify;\">W\u00e4hrend der Vorlesungszeit ist das Sozialreferat immer montags bis donnerstags von 9:30 bis 15:30 Uhr und freitags von 11:30-14:30 Uhr f\u00fcr alle Beratungen ge\u00f6ffnet. Die \u00d6ffnungszeiten in den Semesterferien variieren und werden in der Regel fr\u00fchzeitig bekanntgegeben.<\/p>\n<p style=\"text-align: justify;\">Auf den Unterseiten wollen wir euch \u00fcber unsere Angebote informieren&#8230;<\/p>\n<p><a href=\"https:\/\/www.asta.uni-siegen.de\/index.php\/about\/sozialberatung\/mob-rueck\/\">H\u00e4rtefallantr\u00e4ge<\/a><\/p>\n<p><a href=\"https:\/\/www.asta.uni-siegen.de\/index.php\/about\/sozialberatung\/ferienbetreuung\/\">Ferienbetreuung<\/a><\/p>\n<p><a href=\"https:\/\/www.asta.uni-siegen.de\/index.php\/about\/sozialberatung\/bafoeg\/\">BAf\u00f6G<\/a><\/p>\n<hr \/>\n<p><strong>Social advice<\/strong><\/p>\n<p>In our function as social consultants we feel responsible for and want to be there for the students in every kind of situation and help them to find a solution for their possible problems.<\/p>\n<p>The social advice of the AStA is independent, non-bureaucratic, discreet and free of charge.<\/p>\n<p>If you don\u2019t know what to do, we\u2019ll try to find a solution together. Furthermore, we are in contact with different counseling bodies, so we can inform you about their offers. But for the most questions, we can help you directly. Juste come in!<\/p>\n<p>During lecture period the social unit is open from Monday till thursday, from 9.30 o\u2019clock till 15.30 o\u2019clock and friday from 11:30 am &#8211; 2:30 pm for all kind of advice. The opening hours vary during the semester break and are published in advance.<\/p>\n<p>We want to inform you about our offers on the pages of this section\u2026<\/p>\n<p><a href=\"https:\/\/www.asta.uni-siegen.de\/index.php\/about\/sozialberatung\/mob-rueck\/\">H\u00e4rtefallantr\u00e4ge<\/a><\/p>\n<p><a href=\"https:\/\/www.asta.uni-siegen.de\/index.php\/about\/sozialberatung\/ferienbetreuung\/\">Ferienbetreuung<\/a><\/p>\n<p><a href=\"https:\/\/www.asta.uni-siegen.de\/index.php\/about\/sozialberatung\/bafoeg\/\">BAf\u00f6G<\/a><\/p>\n<hr \/>\n ","protected":false},"excerpt":{"rendered":"<p>E-Mail:\u00a0\u00a0 sozref@asta.uni-siegen.de Telefon\/phone\/t\u00e9l\u00e9phone: 0271 \/ 740 &#8211; 4601 Hier einen Termin bei der kostenlosen Rechtsberatung vereinbaren. | Make an appointment for free legal advice here *** English information below*** In unserer Funktion als Sozialreferent*innen sehen wir uns dazu verpflichtet, grunds\u00e4tzlich allen Studierenden in allen Belangen mit Rat und Tat zur Seite zu stehen und L\u00f6sungen f\u00fcr etwaige<\/p>\n<p><a class=\"more-link\" href=\"https:\/\/www.asta.uni-siegen.de\/index.php\/about\/sozialberatung\/\">Weiterlesen<\/a><\/p>\n","protected":false},"author":1,"featured_media":0,"parent":6851,"menu_order":2,"comment_status":"closed","ping_status":"open","template":"","meta":{"footnotes":""},"class_list":["post-15","page","type-page","status-publish","hentry"],"_links":{"self":[{"href":"https:\/\/www.asta.uni-siegen.de\/index.php\/wp-json\/wp\/v2\/pages\/15","targetHints":{"allow":["GET"]}}],"collection":[{"href":"https:\/\/www.asta.uni-siegen.de\/index.php\/wp-json\/wp\/v2\/pages"}],"about":[{"href":"https:\/\/www.asta.uni-siegen.de\/index.php\/wp-json\/wp\/v2\/types\/page"}],"author":[{"embeddable":true,"href":"https:\/\/www.asta.uni-siegen.de\/index.php\/wp-json\/wp\/v2\/users\/1"}],"replies":[{"embeddable":true,"href":"https:\/\/www.asta.uni-siegen.de\/index.php\/wp-json\/wp\/v2\/comments?post=15"}],"version-history":[{"count":56,"href":"https:\/\/www.asta.uni-siegen.de\/index.php\/wp-json\/wp\/v2\/pages\/15\/revisions"}],"predecessor-version":[{"id":17161,"href":"https:\/\/www.asta.uni-siegen.de\/index.php\/wp-json\/wp\/v2\/pages\/15\/revisions\/17161"}],"up":[{"embeddable":true,"href":"https:\/\/www.asta.uni-siegen.de\/index.php\/wp-json\/wp\/v2\/pages\/6851"}],"wp:attachment":[{"href":"https:\/\/www.asta.uni-siegen.de\/index.php\/wp-json\/wp\/v2\/media?parent=15"}],"curies":[{"name":"wp","href":"https:\/\/api.w.org\/{rel}","templated":true}]}}