{"id":16980,"date":"2024-07-10T12:43:59","date_gmt":"2024-07-10T10:43:59","guid":{"rendered":"https:\/\/www.asta.uni-siegen.de\/?page_id=16980"},"modified":"2024-07-10T13:10:04","modified_gmt":"2024-07-10T11:10:04","slug":"willkommensgeld-welcome-money","status":"publish","type":"page","link":"https:\/\/www.asta.uni-siegen.de\/index.php\/about\/willkommensgeld-welcome-money\/","title":{"rendered":"Willkommensgeld | Welcome Money"},"content":{"rendered":"\n<p> Liebe Kommiliton*innen,<\/p>\n\n\n\n<p>willkommen in Siegen.<br>Wie ihr sicherlich erfahren habt, k\u00f6nnt ihr nach eurer ersten Anmeldung in Siegen einen Teil des Mobilit\u00e4tsbeitrags erstatten lassen, aktuell 176,40\u20ac. Daf\u00fcr m\u00fcsst ihr pers\u00f6nlich in unserem B\u00fcro zu unseren <a href=\"https:\/\/www.asta.uni-siegen.de\/index.php\/kontakt-service-oeffnungszeiten\/\">\u00d6ffnungszeiten<\/a> vorbeikommen um den Erstattungsantrag zu stellen. <strong>Daf\u00fcr Brauchen wir:<\/strong><\/p>\n\n\n\n<p><strong>-Eure USiCard oder eine aktuelle Studienbescheinigung<\/strong><\/p>\n\n\n\n<p><strong>-Eure Meldebescheinigung<\/strong><\/p>\n\n\n\n<p><strong>-Eine funktinierende deutsche IBAN Nummer<\/strong><br><strong><br><\/strong><br>Viele Gr\u00fc\u00dfe,<br>Euer AStA<\/p>\n\n\n\n<p>__________________________________________________________<\/p>\n\n\n\n<p>Dear fellow student,<\/p>\n\n\n\n<p>welcome to Siegen.<br>As you have probably heard, you can get a partial refund of your mobility fee after your first registration in Siegen, 176,40\u20ac at the moment. To do so, you have to come to our office during our <a href=\"https:\/\/www.asta.uni-siegen.de\/index.php\/kontakt-service-oeffnungszeiten\/\">office hour<\/a> in person to apply for a refund. <strong>For that you need to bring:<\/strong><\/p>\n\n\n\n<p><strong>-Your StudentID or an uptodate Study Certificate <\/strong><\/p>\n\n\n\n<p><strong>-Registration certificate<\/strong><\/p>\n\n\n\n<p><strong>-A functioning german IBAN number<br><\/strong><br>Best regards,<br>Your AStA<\/p>\n ","protected":false},"excerpt":{"rendered":"<p>Liebe Kommiliton*innen, willkommen in Siegen.Wie ihr sicherlich erfahren habt, k\u00f6nnt ihr nach eurer ersten Anmeldung in Siegen einen Teil des Mobilit\u00e4tsbeitrags erstatten lassen, aktuell 176,40\u20ac. Daf\u00fcr m\u00fcsst ihr pers\u00f6nlich in unserem B\u00fcro zu unseren \u00d6ffnungszeiten vorbeikommen um den Erstattungsantrag zu stellen. Daf\u00fcr Brauchen wir: -Eure USiCard oder eine aktuelle Studienbescheinigung -Eure Meldebescheinigung -Eine funktinierende deutsche IBAN NummerViele<\/p>\n<p><a class=\"more-link\" href=\"https:\/\/www.asta.uni-siegen.de\/index.php\/about\/willkommensgeld-welcome-money\/\">Weiterlesen<\/a><\/p>\n","protected":false},"author":21,"featured_media":0,"parent":6851,"menu_order":3,"comment_status":"closed","ping_status":"closed","template":"","meta":{"footnotes":""},"class_list":["post-16980","page","type-page","status-publish","hentry"],"_links":{"self":[{"href":"https:\/\/www.asta.uni-siegen.de\/index.php\/wp-json\/wp\/v2\/pages\/16980","targetHints":{"allow":["GET"]}}],"collection":[{"href":"https:\/\/www.asta.uni-siegen.de\/index.php\/wp-json\/wp\/v2\/pages"}],"about":[{"href":"https:\/\/www.asta.uni-siegen.de\/index.php\/wp-json\/wp\/v2\/types\/page"}],"author":[{"embeddable":true,"href":"https:\/\/www.asta.uni-siegen.de\/index.php\/wp-json\/wp\/v2\/users\/21"}],"replies":[{"embeddable":true,"href":"https:\/\/www.asta.uni-siegen.de\/index.php\/wp-json\/wp\/v2\/comments?post=16980"}],"version-history":[{"count":2,"href":"https:\/\/www.asta.uni-siegen.de\/index.php\/wp-json\/wp\/v2\/pages\/16980\/revisions"}],"predecessor-version":[{"id":16985,"href":"https:\/\/www.asta.uni-siegen.de\/index.php\/wp-json\/wp\/v2\/pages\/16980\/revisions\/16985"}],"up":[{"embeddable":true,"href":"https:\/\/www.asta.uni-siegen.de\/index.php\/wp-json\/wp\/v2\/pages\/6851"}],"wp:attachment":[{"href":"https:\/\/www.asta.uni-siegen.de\/index.php\/wp-json\/wp\/v2\/media?parent=16980"}],"curies":[{"name":"wp","href":"https:\/\/api.w.org\/{rel}","templated":true}]}}