{"id":2811,"date":"2013-01-28T15:42:17","date_gmt":"2013-01-28T14:42:17","guid":{"rendered":"https:\/\/www.asta.uni-siegen.de\/asta\/?page_id=2811"},"modified":"2018-09-18T20:21:01","modified_gmt":"2018-09-18T18:21:01","slug":"protokolle","status":"publish","type":"page","link":"https:\/\/www.asta.uni-siegen.de\/index.php\/stupa\/41-stupa\/protokolle\/","title":{"rendered":"Sitzungen &#8211; 41. StuPa"},"content":{"rendered":"<p style=\"text-align: justify\">Hier kannst du die Protokolle der Sitzungen des 41. Studierendenparlamentes der Uni Siegen finden.\u00a0Um Personen-Tracking durch Suchmaschinen auszuschlie\u00dfen, sind alle\u00a0StuPa-Protokolle sind mit dem Passwort &#8220;asta&#8221; gesch\u00fctzt.<\/p>\n<p style=\"text-align: justify\">StuPa-Protokolle k\u00f6nnen erst hochgeladen werden, nachdem der Protokollausschuss getagt hat. Daher kommt es hierbei leider zu leichten Verz\u00f6gerungen.<br \/>\n<a href=\"https:\/\/www.asta.uni-siegen.de\/wp-content\/uploads\/2014\/09\/Protokoll-Konstituierende-Sitzung-240413.pdf\"><br \/>\n24.04.2013<\/a>\u00a0&#8211; Konstituierende Sitzung<br \/>\n<a href=\"https:\/\/www.asta.uni-siegen.de\/wp-content\/uploads\/2014\/02\/Protokoll_StuPa_05_07_13.pdf\">07.05.2013<\/a>\u00a0&#8211;\u00a01. Sitzung<br \/>\n<a href=\"https:\/\/www.asta.uni-siegen.de\/wp-content\/uploads\/2014\/02\/Protokoll_StuPa_05_22_13.pdf\">22.05.2013<\/a>\u00a0&#8211;\u00a02. Sitzung<br \/>\n<a href=\"https:\/\/www.asta.uni-siegen.de\/wp-content\/uploads\/2013\/07\/StuPa-Protokoll-12.06.2013.pdf\">12.06.2013<\/a> &#8211; 3. Sitzung<br \/>\n<a href=\"https:\/\/www.asta.uni-siegen.de\/wp-content\/uploads\/2013\/09\/StuPa-Protokoll-22.07-neu.pdf\">10.07.2013<\/a> &#8211; 4. Sitzung<br \/>\n<a href=\"https:\/\/www.asta.uni-siegen.de\/wp-content\/uploads\/2013\/10\/StuPa_Sitzung-_180913.pdf\">18.09.2013<\/a> &#8211; 5. Sitzung<br \/>\n<a href=\"https:\/\/www.asta.uni-siegen.de\/wp-content\/uploads\/2013\/11\/StuPa-Protokoll-30.10.13.pdf\">30.10.2013<\/a> &#8211; 6. Sitzung<br \/>\n<a href=\"https:\/\/www.asta.uni-siegen.de\/wp-content\/uploads\/2014\/02\/Protokoll_StuPa_11_27_13.pdf\">27.11.2013<\/a> &#8211; 7. Sitzung<br \/>\n<a href=\"https:\/\/www.asta.uni-siegen.de\/wp-content\/uploads\/2014\/01\/StuPa-18.12.13-Endversion.pdf\">18.12.2013<\/a> &#8211; 8. Sitzung<br \/>\n<a href=\"https:\/\/www.asta.uni-siegen.de\/wp-content\/uploads\/2014\/01\/StuPa-Protokoll-15.01.14.pdf\">15.01.2014<\/a> &#8211; 9. Sitzung<br \/>\n<a href=\"https:\/\/www.asta.uni-siegen.de\/wp-content\/uploads\/2014\/07\/StuPa_19.02.14.pdf\">19.02.2014<\/a> &#8211; 10. Sitzung<br \/>\n<a href=\"https:\/\/www.asta.uni-siegen.de\/wp-content\/uploads\/2014\/03\/StuPa_41_Protokoll_-14_03_12.pdf\">12.03.2014<\/a> &#8211; 11. Sitzung (vertagt)<br \/>\n<a href=\"https:\/\/www.asta.uni-siegen.de\/wp-content\/uploads\/2014\/04\/StuPa_41_Protokoll_14_03_191.pdf\">19.03.2014<\/a> &#8211; 11. Sitzung<br \/>\n16.04.2014\u00a0&#8211; 12. Sitzung<\/p>\n<p style=\"text-align: justify\"><a href=\"https:\/\/www.asta.uni-siegen.de\/wp-content\/uploads\/2014\/07\/StuPa_28.05.14.pdf\">28.05.2014<\/a> &#8211; 13. Sitzung<\/p>\n<p style=\"text-align: justify\"><a href=\"https:\/\/www.asta.uni-siegen.de\/wp-content\/uploads\/2014\/09\/StuPa-5.7.14-Anhang.pdf\">05.07.2014<\/a>\u00a0&#8211; 14. Sitzung<br \/>\n<a href=\"https:\/\/www.asta.uni-siegen.de\/wp-content\/uploads\/2014\/09\/StuPa-23.7.14-Anhang.pdf\">23.07.2014<\/a>\u00a0&#8211; 15. Sitzung<br \/>\n<a href=\"https:\/\/www.asta.uni-siegen.de\/wp-content\/uploads\/2014\/10\/StuPa-3.9.14.pdf\">03.09.2014<\/a> &#8211; 16. Sitzung<br \/>\n<a href=\"https:\/\/www.asta.uni-siegen.de\/wp-content\/uploads\/2014\/10\/StuPa-30.09.2014.pdf\">30.09.2014<\/a> &#8211; 17. Sitzung<br \/>\n<a href=\"https:\/\/www.asta.uni-siegen.de\/wp-content\/uploads\/2014\/11\/StuPa-14.10.2014-\u00f6ffentlich.pdf\">14.10.2014<\/a> &#8211; 18. Sitzung<\/p>\n ","protected":false},"excerpt":{"rendered":"<p>Hier kannst du die Protokolle der Sitzungen des 41. Studierendenparlamentes der Uni Siegen finden.\u00a0Um Personen-Tracking durch Suchmaschinen auszuschlie\u00dfen, sind alle\u00a0StuPa-Protokolle sind mit dem Passwort &#8220;asta&#8221; gesch\u00fctzt. StuPa-Protokolle k\u00f6nnen erst hochgeladen werden, nachdem der Protokollausschuss getagt hat. Daher kommt es hierbei leider zu leichten Verz\u00f6gerungen. 24.04.2013\u00a0&#8211; Konstituierende Sitzung 07.05.2013\u00a0&#8211;\u00a01. Sitzung 22.05.2013\u00a0&#8211;\u00a02. Sitzung 12.06.2013 &#8211; 3. Sitzung 10.07.2013 &#8211;<\/p>\n<p><a class=\"more-link\" href=\"https:\/\/www.asta.uni-siegen.de\/index.php\/stupa\/41-stupa\/protokolle\/\">Weiterlesen<\/a><\/p>\n","protected":false},"author":1,"featured_media":0,"parent":2805,"menu_order":0,"comment_status":"open","ping_status":"closed","template":"","meta":{"footnotes":""},"class_list":["post-2811","page","type-page","status-publish","hentry"],"_links":{"self":[{"href":"https:\/\/www.asta.uni-siegen.de\/index.php\/wp-json\/wp\/v2\/pages\/2811","targetHints":{"allow":["GET"]}}],"collection":[{"href":"https:\/\/www.asta.uni-siegen.de\/index.php\/wp-json\/wp\/v2\/pages"}],"about":[{"href":"https:\/\/www.asta.uni-siegen.de\/index.php\/wp-json\/wp\/v2\/types\/page"}],"author":[{"embeddable":true,"href":"https:\/\/www.asta.uni-siegen.de\/index.php\/wp-json\/wp\/v2\/users\/1"}],"replies":[{"embeddable":true,"href":"https:\/\/www.asta.uni-siegen.de\/index.php\/wp-json\/wp\/v2\/comments?post=2811"}],"version-history":[{"count":4,"href":"https:\/\/www.asta.uni-siegen.de\/index.php\/wp-json\/wp\/v2\/pages\/2811\/revisions"}],"predecessor-version":[{"id":10005,"href":"https:\/\/www.asta.uni-siegen.de\/index.php\/wp-json\/wp\/v2\/pages\/2811\/revisions\/10005"}],"up":[{"embeddable":true,"href":"https:\/\/www.asta.uni-siegen.de\/index.php\/wp-json\/wp\/v2\/pages\/2805"}],"wp:attachment":[{"href":"https:\/\/www.asta.uni-siegen.de\/index.php\/wp-json\/wp\/v2\/media?parent=2811"}],"curies":[{"name":"wp","href":"https:\/\/api.w.org\/{rel}","templated":true}]}}