{"id":2820,"date":"2013-01-29T13:01:24","date_gmt":"2013-01-29T11:01:24","guid":{"rendered":"https:\/\/www.asta.uni-siegen.de\/asta\/?page_id=2820"},"modified":"2024-03-06T15:17:24","modified_gmt":"2024-03-06T14:17:24","slug":"partner","status":"publish","type":"page","link":"https:\/\/www.asta.uni-siegen.de\/index.php\/about\/partner\/","title":{"rendered":"Partnerschaften"},"content":{"rendered":"<h1><strong>Studibus.de<\/strong>\u00a0&#8230; alles muss man selber machen<\/h1>\n<p style=\"text-align: justify\">Auf der Suche nach einem Transporter? Dann bist du\u00a0bei uns genau richtig!<br \/>\nSelber machen spart. Weil du dich bei studibus.de online selbst bedienst, k\u00f6nnen wir dir unsere Transporter sehr g\u00fcnstig vermieten. Au\u00dferdem kannst du deinen studibus auch abholen, wenn andere Vermietungen l\u00e4ngst geschlossen haben: Ob Sonntag nachmittag oder abends um 21 Uhr, kein Problem.<br \/>\nDen studibus und deine Kundenkarte holst du bei unserer Partnertankstelle ab. Die Kundenkarte bekommst du jederzeit, am praktischsten ist es nat\u00fcrlich, du holst sie direkt vor deiner Fahrt ab. Dazu gehst du einfach mit Personalausweis und F\u00fchrerschein an die Kasse unserer Partnertankstelle:<\/p>\n<table border=\"0\" width=\"300\" cellspacing=\"0\" cellpadding=\"0\">\n<tbody>\n<tr>\n<td rowspan=\"3\">Aral Tankstelle Finklenburg<br \/>\nSandstra\u00dfe 126<br \/>\n57072 Siegen<\/td>\n<td colspan=\"2\">\u00d6ffnungszeiten:<\/td>\n<\/tr>\n<tr>\n<td>Mo &#8211; Fr<\/td>\n<td>6 &#8211; 22 Uhr<\/td>\n<\/tr>\n<tr>\n<td>Sa\/So<\/td>\n<td>7 &#8211; 22 Uhr<\/td>\n<\/tr>\n<\/tbody>\n<\/table>\n<p style=\"text-align: justify\"><b>In Siegen musst du beachten<\/b>, dass unsere Partnertankstelle\u00a0<b>am Wochenende erst um 7:00 Uhr \u00f6ffnet<\/b>. M\u00f6chtest du schon fr\u00fcher starten, hole deine Kundenkarte an einem der Vortage ab.<\/p>\n<p style=\"text-align: center\"><img loading=\"lazy\" decoding=\"async\" class=\"aligncenter size-full wp-image-4397\" src=\"https:\/\/www.asta.uni-siegen.de\/wp-content\/uploads\/2014\/02\/Studibus.jpg\" alt=\"Studibus\" width=\"340\" height=\"116\" srcset=\"https:\/\/www.asta.uni-siegen.de\/wp-content\/uploads\/2014\/02\/Studibus.jpg 340w, https:\/\/www.asta.uni-siegen.de\/wp-content\/uploads\/2014\/02\/Studibus-300x102.jpg 300w\" sizes=\"auto, (max-width: 340px) 100vw, 340px\" \/><\/p>\n<pre style=\"text-align: center\"><\/pre>\n<h1 style=\"text-align: left\">Familienserviceb\u00fcro:<\/h1>\n<p style=\"text-align: justify\">Anliegen und Aufgabe des Familienserviceb\u00fcros ist es, in Fragen der Vereinbarkeit von Beruf, Wissenschaft, Studium und Familie zu beraten und zu unterst\u00fctzen. Gemeinsam mit den Ratsuchenden und in Kooperation mit Einrichtungen der Region k\u00f6nnen passgenaue Angebote f\u00fcr die jeweiligen Bedarfe gesucht werden. Wenden Sie sich f\u00fcr eine individuelle und vertrauliche Beratung an die Mitarbeiterin des Familienserviceb\u00fcros.<\/p>\n<p style=\"text-align: justify\">Weitere Infos \u00fcber das gesamte Angebot des Familienserviceb\u00fcros findet ihr auf seiner Homepage. Dazu einfach auf das Logo klicken und ihr werdet direkt weitergeleitet.<\/p>\n<p style=\"text-align: center\"><a href=\"http:\/\/www.uni-siegen.de\/familiengerechte_hochschule\/familienservicebuero\/\"><img loading=\"lazy\" decoding=\"async\" class=\"aligncenter  wp-image-3993\" src=\"https:\/\/www.asta.uni-siegen.de\/wp-content\/uploads\/2013\/10\/Familienserviceb\u00fcro-1024x431.jpg\" alt=\"Familienserviceb\u00fcro\" width=\"327\" height=\"138\" srcset=\"https:\/\/www.asta.uni-siegen.de\/wp-content\/uploads\/2013\/10\/Familienserviceb\u00fcro-1024x431.jpg 1024w, https:\/\/www.asta.uni-siegen.de\/wp-content\/uploads\/2013\/10\/Familienserviceb\u00fcro-300x126.jpg 300w, https:\/\/www.asta.uni-siegen.de\/wp-content\/uploads\/2013\/10\/Familienserviceb\u00fcro-768x324.jpg 768w, https:\/\/www.asta.uni-siegen.de\/wp-content\/uploads\/2013\/10\/Familienserviceb\u00fcro.jpg 1106w\" sizes=\"auto, (max-width: 327px) 100vw, 327px\" \/><\/a><\/p>\n<pre style=\"text-align: left\"><\/pre>\n<h1 style=\"text-align: left\">Eurobox KG:<\/h1>\n<p style=\"text-align: justify\">Zu Beginn des Jahres 2012 wurden im Geb\u00e4udeteil D des Adolf-Reichwein-Campus neue Schlie\u00dff\u00e4cher eingerichtet. Diese m\u00fcssen durch die Studierenden angemietet werden, da es sich nicht mehr um Eigentum der Universit\u00e4t handelt. Die Anschaffung der Schlie\u00dff\u00e4cher \u00fcber einen Drittanbieter wurde aus verschiedenen Gr\u00fcnden notwendig.<\/p>\n<p style=\"text-align: justify\">Die Schlie\u00dff\u00e4cher werden f\u00fcr 8,40\u20ac pro Semester (bei 10\u20ac Schl\u00fcsselpfand) vermietet, die Vorgehensweise der Vermietung k\u00f6nnt ihr der PDF-Datei\u00a0<a href=\"https:\/\/www.asta.uni-siegen.de\/wp-content\/uploads\/2014\/02\/schliessfaecher_eurobox.pdf\">Mietvertrag Eurobox KG<\/a>\u00a0entnehmen und den ausgef\u00fcllten Vertrag\u00a0entweder\u00a0per Fax (03464\/9019515)\u00a0oder\u00a0<a href=\"https:\/\/www.asta.uni-siegen.de\/2011\/12\/15\/neue-schliesfacher-im-gebaudeteil-ar-d\/info@euroboxkg.de\">E-Mail<\/a>\u00a0an die Eurobox KG schicken.<\/p>\n<p style=\"text-align: justify\">Mehr Informationen ehrhaltet ihr auch telefonisch bei Frau Brigitte Leonhardt:\u00a00271\/740-4873.<\/p>\n<p style=\"text-align: center\"><a href=\"https:\/\/www.asta.uni-siegen.de\/wp-content\/uploads\/2014\/02\/eurobox_schliessfaecher.png\"><img loading=\"lazy\" decoding=\"async\" class=\"aligncenter size-full wp-image-4348\" src=\"https:\/\/www.asta.uni-siegen.de\/wp-content\/uploads\/2014\/02\/eurobox_schliessfaecher.png\" alt=\"eurobox_schliessfaecher\" width=\"305\" height=\"120\" srcset=\"https:\/\/www.asta.uni-siegen.de\/wp-content\/uploads\/2014\/02\/eurobox_schliessfaecher.png 305w, https:\/\/www.asta.uni-siegen.de\/wp-content\/uploads\/2014\/02\/eurobox_schliessfaecher-300x118.png 300w\" sizes=\"auto, (max-width: 305px) 100vw, 305px\" \/><\/a><\/p>\n<p>&nbsp;<\/p>\n<p>&nbsp;<\/p>\n ","protected":false},"excerpt":{"rendered":"<p>Studibus.de\u00a0&#8230; alles muss man selber machen Auf der Suche nach einem Transporter? Dann bist du\u00a0bei uns genau richtig! Selber machen spart. Weil du dich bei studibus.de online selbst bedienst, k\u00f6nnen wir dir unsere Transporter sehr g\u00fcnstig vermieten. Au\u00dferdem kannst du deinen studibus auch abholen, wenn andere Vermietungen l\u00e4ngst geschlossen haben: Ob Sonntag nachmittag oder abends um 21<\/p>\n<p><a class=\"more-link\" href=\"https:\/\/www.asta.uni-siegen.de\/index.php\/about\/partner\/\">Weiterlesen<\/a><\/p>\n","protected":false},"author":1,"featured_media":0,"parent":6851,"menu_order":6,"comment_status":"closed","ping_status":"open","template":"","meta":{"footnotes":""},"class_list":["post-2820","page","type-page","status-publish","hentry"],"_links":{"self":[{"href":"https:\/\/www.asta.uni-siegen.de\/index.php\/wp-json\/wp\/v2\/pages\/2820","targetHints":{"allow":["GET"]}}],"collection":[{"href":"https:\/\/www.asta.uni-siegen.de\/index.php\/wp-json\/wp\/v2\/pages"}],"about":[{"href":"https:\/\/www.asta.uni-siegen.de\/index.php\/wp-json\/wp\/v2\/types\/page"}],"author":[{"embeddable":true,"href":"https:\/\/www.asta.uni-siegen.de\/index.php\/wp-json\/wp\/v2\/users\/1"}],"replies":[{"embeddable":true,"href":"https:\/\/www.asta.uni-siegen.de\/index.php\/wp-json\/wp\/v2\/comments?post=2820"}],"version-history":[{"count":2,"href":"https:\/\/www.asta.uni-siegen.de\/index.php\/wp-json\/wp\/v2\/pages\/2820\/revisions"}],"predecessor-version":[{"id":9683,"href":"https:\/\/www.asta.uni-siegen.de\/index.php\/wp-json\/wp\/v2\/pages\/2820\/revisions\/9683"}],"up":[{"embeddable":true,"href":"https:\/\/www.asta.uni-siegen.de\/index.php\/wp-json\/wp\/v2\/pages\/6851"}],"wp:attachment":[{"href":"https:\/\/www.asta.uni-siegen.de\/index.php\/wp-json\/wp\/v2\/media?parent=2820"}],"curies":[{"name":"wp","href":"https:\/\/api.w.org\/{rel}","templated":true}]}}