{"id":3393,"date":"2013-06-13T13:38:01","date_gmt":"2013-06-13T11:38:01","guid":{"rendered":"https:\/\/www.asta.uni-siegen.de\/asta\/?page_id=3393"},"modified":"2024-04-26T15:50:09","modified_gmt":"2024-04-26T13:50:09","slug":"konzept","status":"publish","type":"page","link":"https:\/\/www.asta.uni-siegen.de\/index.php\/about\/euer-asta\/konzept\/","title":{"rendered":"AStA-Arbeitsgrundlage"},"content":{"rendered":"<p>Hier \u00a0findet ihr hier die <a href=\"https:\/\/www.asta.uni-siegen.de\/wp-content\/uploads\/2024\/04\/Geschaeftsordnungs-des-AStAs-der-Universitaet-Siegen-4.2024.pdf\">Gesch\u00e4ftsordnung des Walter-Kr\u00e4mer-AStAs der Universit\u00e4t Siegen<\/a>.<\/p>\n ","protected":false},"excerpt":{"rendered":"<p>Hier \u00a0findet ihr hier die Gesch\u00e4ftsordnung des Walter-Kr\u00e4mer-AStAs der Universit\u00e4t Siegen.<\/p>\n","protected":false},"author":1,"featured_media":0,"parent":7,"menu_order":0,"comment_status":"closed","ping_status":"open","template":"","meta":{"footnotes":""},"class_list":["post-3393","page","type-page","status-publish","hentry"],"_links":{"self":[{"href":"https:\/\/www.asta.uni-siegen.de\/index.php\/wp-json\/wp\/v2\/pages\/3393","targetHints":{"allow":["GET"]}}],"collection":[{"href":"https:\/\/www.asta.uni-siegen.de\/index.php\/wp-json\/wp\/v2\/pages"}],"about":[{"href":"https:\/\/www.asta.uni-siegen.de\/index.php\/wp-json\/wp\/v2\/types\/page"}],"author":[{"embeddable":true,"href":"https:\/\/www.asta.uni-siegen.de\/index.php\/wp-json\/wp\/v2\/users\/1"}],"replies":[{"embeddable":true,"href":"https:\/\/www.asta.uni-siegen.de\/index.php\/wp-json\/wp\/v2\/comments?post=3393"}],"version-history":[{"count":14,"href":"https:\/\/www.asta.uni-siegen.de\/index.php\/wp-json\/wp\/v2\/pages\/3393\/revisions"}],"predecessor-version":[{"id":16690,"href":"https:\/\/www.asta.uni-siegen.de\/index.php\/wp-json\/wp\/v2\/pages\/3393\/revisions\/16690"}],"up":[{"embeddable":true,"href":"https:\/\/www.asta.uni-siegen.de\/index.php\/wp-json\/wp\/v2\/pages\/7"}],"wp:attachment":[{"href":"https:\/\/www.asta.uni-siegen.de\/index.php\/wp-json\/wp\/v2\/media?parent=3393"}],"curies":[{"name":"wp","href":"https:\/\/api.w.org\/{rel}","templated":true}]}}