{"id":451,"date":"2010-11-05T14:57:41","date_gmt":"2010-11-05T12:57:41","guid":{"rendered":"https:\/\/www.asta.uni-siegen.de\/asta\/"},"modified":"2025-06-25T14:39:03","modified_gmt":"2025-06-25T12:39:03","slug":"wahlausschuss","status":"publish","type":"page","link":"https:\/\/www.asta.uni-siegen.de\/index.php\/studis\/wahlausschuss\/","title":{"rendered":"Wahlen zum 52. StuPa und den FSRen"},"content":{"rendered":"<div id=\"media-item-o_18nvr7au2qm5gb24f71qu19rvf\" class=\"media-item child-of-0\" style=\"color: #444444;\">\n<div class=\"filename new\">\n<div class=\"filename new\">\n<h2><span style=\"color: #1d2327; font-size: 1.3em; font-weight: 600;\">Wahlen zum 52. Studierendenparlament und der Fachschaftsr\u00e4te im Sommersemester 2025 | Elections to the 52th Student Parliament and the Student Councils in the summer semester 2025<\/span><\/h2>\n<div id=\"media-item-o_18nvr7au2qm5gb24f71qu19rvf\" class=\"media-item child-of-0\">\n<div class=\"filename new\">\n<div class=\"filename new\">\n<p>Vom <strong>23.06. \u2013 27.06.2025<\/strong> finden die Wahlen zum 52. Studierendenparlament und der Fachschaftsr\u00e4te statt. Hier findest du alle wichtigen Infos und Unterlagen dazu. Solltest du dar\u00fcber hinaus Fragen haben, kannst du den Wahlausschuss jederzeit per Mail unter wahlausschuss@asta.uni-siegen.de erreichen.<\/p>\n<p>The elections to the 52st Student Parliament and the Student Councils take place from June 23rd \u2013 June 27th 2025. Here you find all essential related information and materials. If you have any further questions, do not hesitate to email the Election Committee via &lt;wahlausschuss@asta.uni-siegen.de&gt;<\/p>\n<p>Hier findest du die Wahlzeitung zum Download \/\/ Here you&#8217;ll find the Election Magazine for download:<br \/>\n<a href=\"https:\/\/uni-siegen.sciebo.de\/s\/Orz2HgimO4GsnBQ\" target=\"_blank\" rel=\"noopener\">Zur Wahlzeitung (GER\/ENG\/TUR\/KUR)<\/a><\/p>\n<p>Hier findet ihr die Listen der Fachschaftsr\u00e4te sowie die Wahlvorschl\u00e4ge f\u00fcr die StuPa-Wahl:<\/p>\n<p><a href=\"https:\/\/www.asta.uni-siegen.de\/wp-content\/uploads\/2025\/06\/Liste-FSRe-2025.pdf\">Listen f\u00fcr die Wahl der Fachschaftsr\u00e4te 2025<\/a><\/p>\n<p><a href=\"https:\/\/www.asta.uni-siegen.de\/wp-content\/uploads\/2025\/06\/Wahlvorschlaege-52.-StuPa.pdf\">Wahlvorschl\u00e4ge f\u00fcr das 52. Studierendenparlament<\/a><\/p>\n<p>______<\/p>\n<p><span style=\"font-size: 20px;\"><strong>Beantragung der Briefwahlunterlagen | Request of election materials<\/strong><\/span><\/p>\n<p>Um die Briefwahlunterlagen beantragen zu k\u00f6nnen, schreibst du eine formlose E-Mail \u00fcber deine studentische E-Mail-Adresse an den Wahlausschuss unter &lt;wahlausschuss@asta.uni-siegen.de&gt; und f\u00fcgst dieser, zwecks Identit\u00e4ts- sowie Immatrikulationspr\u00fcfung, deinen Studierenden- und deinen Personalausweis bzw. Pass als Anlagen hinzu. In den Flie\u00dftext der Mail solltest du unbedingt die Adresse angeben, zu der du die Unterlagen gesendet haben m\u00f6chtest (nur innerhalb Deutschlands). F\u00fcr den Fall, dass du mehr als einer Fachschaft angeh\u00f6rst (z. B. Lehramtsstudierende) ist im Rahmen der Mail au\u00dferdem deine Pr\u00e4ferenz anzugeben, f\u00fcr welchen Fachschaftsrat du deine Stimme abgeben m\u00f6chtest.<\/p>\n<p>To apply for postal voting, send an informal e-mail to the Election Committee via your student e-mail address at &lt;wahlausschuss@asta.uni-siegen.de&gt; and attach your student ID and your identity card or passport for identity and enrolment verification purposes. In the body text of the e-mail, you must state the address to which you would like the documents to be sent (only within Germany). If you belong to more than one student council (e.g. teacher trainees), you should also state your preference for which student council you would like to vote for.<\/p>\n<p>Deutsch:<br \/>\n<strong><a href=\"https:\/\/www.asta.uni-siegen.de\/wp-content\/uploads\/2025\/05\/Wahlbekanntmachung-StuPa-25.pdf\">Wahlbekanntmachung StuPa 2025<\/a><\/strong><\/p>\n<p>English:<br \/>\n<a href=\"https:\/\/www.asta.uni-siegen.de\/wp-content\/uploads\/2025\/05\/Notice-of-Election.pdf\">Notice of Election StuPa 2025<\/a><\/p>\n<p>:\u0627\u0644\u0639\u0631\u0628\u064a\u0629<br \/>\n<a href=\"https:\/\/www.asta.uni-siegen.de\/wp-content\/uploads\/2025\/06\/Wahlbekanntmachung-StuPa-25-\u0627\u0644\u0639\u0631\u0628\u064a\u0629-1.pdf\">Wahlbekanntmachung StuPa 2025 (\u0627\u0644\u0639\u0631\u0628\u064a\u0629)<\/a><\/p>\n<p>Kurdi\u0302:<br \/>\n<a href=\"https:\/\/www.asta.uni-siegen.de\/wp-content\/uploads\/2025\/06\/Wahlbekanntmachung-StuPa-25-Kurdi-1.pdf\">Wahlbekanntmachung StuPa 2025 (Kurdi\u0302)<\/a><\/p>\n<\/div>\n<\/div>\n<\/div>\n<\/div>\n<\/div>\n<\/div>\n ","protected":false},"excerpt":{"rendered":"<p>Wahlen zum 52. Studierendenparlament und der Fachschaftsr\u00e4te im Sommersemester 2025 | Elections to the 52th Student Parliament and the Student Councils in the summer semester 2025 Vom 23.06. \u2013 27.06.2025 finden die Wahlen zum 52. Studierendenparlament und der Fachschaftsr\u00e4te statt. Hier findest du alle wichtigen Infos und Unterlagen dazu. Solltest du dar\u00fcber hinaus Fragen haben, kannst du<\/p>\n<p><a class=\"more-link\" href=\"https:\/\/www.asta.uni-siegen.de\/index.php\/studis\/wahlausschuss\/\">Weiterlesen<\/a><\/p>\n","protected":false},"author":9,"featured_media":0,"parent":6852,"menu_order":6,"comment_status":"closed","ping_status":"closed","template":"","meta":{"footnotes":""},"class_list":["post-451","page","type-page","status-publish","hentry"],"_links":{"self":[{"href":"https:\/\/www.asta.uni-siegen.de\/index.php\/wp-json\/wp\/v2\/pages\/451","targetHints":{"allow":["GET"]}}],"collection":[{"href":"https:\/\/www.asta.uni-siegen.de\/index.php\/wp-json\/wp\/v2\/pages"}],"about":[{"href":"https:\/\/www.asta.uni-siegen.de\/index.php\/wp-json\/wp\/v2\/types\/page"}],"author":[{"embeddable":true,"href":"https:\/\/www.asta.uni-siegen.de\/index.php\/wp-json\/wp\/v2\/users\/9"}],"replies":[{"embeddable":true,"href":"https:\/\/www.asta.uni-siegen.de\/index.php\/wp-json\/wp\/v2\/comments?post=451"}],"version-history":[{"count":60,"href":"https:\/\/www.asta.uni-siegen.de\/index.php\/wp-json\/wp\/v2\/pages\/451\/revisions"}],"predecessor-version":[{"id":17494,"href":"https:\/\/www.asta.uni-siegen.de\/index.php\/wp-json\/wp\/v2\/pages\/451\/revisions\/17494"}],"up":[{"embeddable":true,"href":"https:\/\/www.asta.uni-siegen.de\/index.php\/wp-json\/wp\/v2\/pages\/6852"}],"wp:attachment":[{"href":"https:\/\/www.asta.uni-siegen.de\/index.php\/wp-json\/wp\/v2\/media?parent=451"}],"curies":[{"name":"wp","href":"https:\/\/api.w.org\/{rel}","templated":true}]}}