{"id":5843,"date":"2015-05-28T11:21:12","date_gmt":"2015-05-28T09:21:12","guid":{"rendered":"https:\/\/www.asta.uni-siegen.de\/asta\/?page_id=5843"},"modified":"2024-03-06T15:23:08","modified_gmt":"2024-03-06T14:23:08","slug":"stupa","status":"publish","type":"page","link":"https:\/\/www.asta.uni-siegen.de\/index.php\/stupa\/","title":{"rendered":"StuPa"},"content":{"rendered":"<p style=\"text-align: justify;\">Das Studierendenparlament (StuPa) ist, wie der Name schon vermuten l\u00e4sst, das Parlament der Studierendenschaft. <a href=\"https:\/\/www.asta.uni-siegen.de\/wp-content\/uploads\/2019\/09\/Wahlordnung-der-Verfassten-Studierendenschaft-der-Universit\u00e4t-Siegen.pdf\">Wahlen<\/a> finden (seit einem StuPa-Beschluss 2018 zur \u00c4nderung der Wahlordnung und somit des Wahltermins) jedes Jahr aus organisatorischen Gr\u00fcnden zusammen mit den Wahlen der FSRe statt. W\u00e4hlen k\u00f6nnt ihr dann hier verschiedene hochschulpolitische Listen \u2013 manche an echte Parteien gebunden, andere sind unabh\u00e4ngig. Eine Auflistung findest du auf den Unterseiten, \u00fcber die Inhalte verraten dir die einzelnen Listen etwas auf ihren Internetseiten. Aufmerksam auf die Wahlen werdet ihr in der Regel durch die vielen Flyer und Wahlplakate \u2013 ihr k\u00f6nnt sie also eigentlich nicht \u00fcbersehen.<\/p>\n<p style=\"text-align: justify;\">Will man einen Vergleich ziehen, ist das StuPa quasi das \u00c4quivalent zum Bundestag. Seine Aufgaben sind demnach die Entscheidungsfindung zu Belangen der Studierendenschaft, Arbeitsauftr\u00e4ge an und Kontrolle des AStA, Entsendung von Vertreter*innen in diverse Aussch\u00fcsse und \u00fcberhaupt mehr, als auf diese Seite passen w\u00fcrde.\u00a0Als (leider von immer noch zu wenigen Studierenden) gew\u00e4hlte Vertretung der Studierendenschaft obliegt ihm au\u00dferhalb von <a href=\"https:\/\/www.asta.uni-siegen.de\/studis\/vs\/gvv\/\">Gesamtvollversammlungen<\/a> die Entscheidung \u00fcber alle Angelegenheiten der <a href=\"https:\/\/www.asta.uni-siegen.de\/studis\/vs\/\">Verfassten Studierendenschaft<\/a>, wie zum Beispiel die <a href=\"https:\/\/www.asta.uni-siegen.de\/about\/semesterticket\/\">Semestertickets<\/a> oder die Verwendung unserer aktuell 13,00 Euro pro Semester im Haushaltsplan.<\/p>\n<p><strong>Das aktuelle Studierendenparlament findet ihr <a href=\"https:\/\/www.asta.uni-siegen.de\/index.php\/49-studierendenparlament\/\">hier<\/a>.<\/strong><\/p>\n<p><strong>aktuelle Stellenausschreibungen f\u00fcr <a href=\"https:\/\/www.asta.uni-siegen.de\/wp-content\/uploads\/2022\/10\/Stellenausschreibung-Dolmetscher_in.pdf\">Dolmetscher*in\u00a0<\/a> und <a href=\"https:\/\/www.asta.uni-siegen.de\/wp-content\/uploads\/2022\/10\/Stellenausschreibung-Protokollantin.pdf\">\u00a0Protokollant*in<\/a><\/strong><\/p>\n<p>________________________________________________________________________<\/p>\n<p>The Student Parliament (StuPa) is, as the name suggests, the parliament of the student body. Elections take place every year (since a StuPa decision in 2018 to change the election regulations and thus the election date), and for organisational reasons together with the FSRe elections. You can then vote for different university political lists &#8211; some are linked to real parties, others are independent. You can find a list on the subpages, and the individual lists will tell you something about the contents on their websites. You usually become aware of the elections through the many flyers and election posters &#8211; so you can&#8217;t really miss them.<\/p>\n<p>If you want to draw a comparison, the StuPa is more or less the equivalent of the Bundestag. Its tasks are to make decisions on matters concerning the student body, to give work assignments to and control the AStA, to send representatives to various committees and generally more than would fit on this page. As the elected representative of the student body (unfortunately still too few students), it is responsible for deciding on all matters of the student body outside of the plenary sessions, such as semester tickets or the use of our current 13.00 euros per semester in the budget.<\/p>\n<p><strong>You can find the current student parliament <a href=\"https:\/\/www.asta.uni-siegen.de\/index.php\/49-studierendenparlament\/\">here<\/a>.<\/strong><\/p>\n<p><strong>current job application for\u00a0 <a href=\"https:\/\/www.asta.uni-siegen.de\/wp-content\/uploads\/2022\/10\/Stellenausschreibung-Dolmetscher_in.pdf\">Translator <\/a>\u00a0und <a href=\"https:\/\/www.asta.uni-siegen.de\/wp-content\/uploads\/2022\/10\/Stellenausschreibung-Protokollantin.pdf\">\u00a0Protocollant<\/a><\/strong><\/p>\n ","protected":false},"excerpt":{"rendered":"<p>Das Studierendenparlament (StuPa) ist, wie der Name schon vermuten l\u00e4sst, das Parlament der Studierendenschaft. Wahlen finden (seit einem StuPa-Beschluss 2018 zur \u00c4nderung der Wahlordnung und somit des Wahltermins) jedes Jahr aus organisatorischen Gr\u00fcnden zusammen mit den Wahlen der FSRe statt. W\u00e4hlen k\u00f6nnt ihr dann hier verschiedene hochschulpolitische Listen \u2013 manche an echte Parteien gebunden, andere sind unabh\u00e4ngig.<\/p>\n<p><a class=\"more-link\" href=\"https:\/\/www.asta.uni-siegen.de\/index.php\/stupa\/\">Weiterlesen<\/a><\/p>\n","protected":false},"author":1,"featured_media":0,"parent":0,"menu_order":3,"comment_status":"closed","ping_status":"closed","template":"","meta":{"footnotes":""},"class_list":["post-5843","page","type-page","status-publish","hentry"],"_links":{"self":[{"href":"https:\/\/www.asta.uni-siegen.de\/index.php\/wp-json\/wp\/v2\/pages\/5843","targetHints":{"allow":["GET"]}}],"collection":[{"href":"https:\/\/www.asta.uni-siegen.de\/index.php\/wp-json\/wp\/v2\/pages"}],"about":[{"href":"https:\/\/www.asta.uni-siegen.de\/index.php\/wp-json\/wp\/v2\/types\/page"}],"author":[{"embeddable":true,"href":"https:\/\/www.asta.uni-siegen.de\/index.php\/wp-json\/wp\/v2\/users\/1"}],"replies":[{"embeddable":true,"href":"https:\/\/www.asta.uni-siegen.de\/index.php\/wp-json\/wp\/v2\/comments?post=5843"}],"version-history":[{"count":12,"href":"https:\/\/www.asta.uni-siegen.de\/index.php\/wp-json\/wp\/v2\/pages\/5843\/revisions"}],"predecessor-version":[{"id":14988,"href":"https:\/\/www.asta.uni-siegen.de\/index.php\/wp-json\/wp\/v2\/pages\/5843\/revisions\/14988"}],"wp:attachment":[{"href":"https:\/\/www.asta.uni-siegen.de\/index.php\/wp-json\/wp\/v2\/media?parent=5843"}],"curies":[{"name":"wp","href":"https:\/\/api.w.org\/{rel}","templated":true}]}}