{"id":6617,"date":"2015-11-30T15:31:23","date_gmt":"2015-11-30T13:31:23","guid":{"rendered":"https:\/\/www.asta.uni-siegen.de\/asta\/?page_id=6617"},"modified":"2025-10-31T13:37:10","modified_gmt":"2025-10-31T12:37:10","slug":"faq","status":"publish","type":"page","link":"https:\/\/www.asta.uni-siegen.de\/index.php\/faq\/","title":{"rendered":"FAQ"},"content":{"rendered":"<details open=\"\">\n<summary><strong><span style=\"font-size: xx-large;\">H\u00e4ufig gestellte Fragen<\/span><\/strong><\/summary>\n<details open=\"\">\n<summary><span style=\"color: #1ca686;\"><strong><span style=\"font-size: x-large;\">Grundlegende Fragen<\/span><\/strong><\/span><\/summary>\n<p><span style=\"color: #1ca686;\"><strong><span style=\"font-size: medium;\">Fragen zum Semesterticket<\/span><\/strong><\/span><\/p>\n<details open=\"\">\n<summary><strong><span style=\"font-size: large;\">Ich bin Erstsemester. Ab wann und in welchem Bereich kann ich das Semesterticket nutzen?<\/span><\/strong><\/summary>\n<p>Das Deutschlandticket k\u00f6nnt ihr erst ab Semesterbeginn nutzen, f\u00fcr Vorkurse geht das leider nicht.<\/p>\n<\/details>\n<details open=\"\">\n<summary><strong><span style=\"font-size: large;\">Ich habe geh\u00f6rt, dass man bei Anmeldung seines Erstwohnsitzes in Siegen das Geld f\u00fcr das regionale Semesterticket erstattet bekommt. Wie funktioniert das und gilt die R\u00fcckerstattung auch noch f\u00fcr h\u00f6here Semester?<\/span><\/strong><\/summary>\n<p>Wer erstmalig seinen Wohnsitz nach Siegen verlagert, um hier das Studium aufzunehmen, bekommt gegen Vorlage der Meldebescheinigung (die man bei Eintragen des Erstwohnsitzes bei der Stadt bekommt) und des aktuellen Studierendenausweises den Betrag erstattet, der zur Zeit f\u00fcr das Deutschlandticket aufgewendet wirdattet. Bringt uns die Unterlagen ins AStA-B\u00fcro und wir \u00fcberweisen euch den Betrag, sobald wir das B\u00fcrokratische mit der Stadt gekl\u00e4rt haben, das sind so <strong>zwischen drei und sechs Monate<\/strong>. Das geht nur <strong>bis maximal ein Jahr<\/strong> nach der Wohnsitzerstanmeldung.<\/p>\n<\/details>\n<details open=\"\">\n<summary><strong><span style=\"font-size: large;\">Kann ich jemanden auf meinem Ticket mitnehmen?<\/span><\/strong><\/summary>\n<p>Nein. Es ist auch nicht m\u00f6glich das Ticket zu verleihen, z.B. via Screenshot, da es nur in Verbindung mit deinem Lichtbildausweis g\u00fcltig ist.<\/p>\n<\/details>\n<details open=\"\">\n<summary><strong><span style=\"font-size: large;\">Du sachma, der Semesterbeitrag ist ja schon ziemlich happig. Komme ich da irgendwie drumherum?<\/span><\/strong><\/summary>\n<p>Nein. Unsere Konditionen bestehen auf dem Solidarprinzips, in dem alle Studis ihren Beitrag zahlen, und so jede*r die M\u00f6glichkeit hat, das Ticket zu nutzen. Wir bekommen das Semesterticket zu solch g\u00fcnstigen Konditionen 60% des Normalpreises, weil wir als Studis alle mit im Boot sitzen: Der Gro\u00dfteil der Studierenden ist darauf angewiesen. W\u00e4re das Semesterticket freiwillig, w\u00fcrde es f\u00fcr alle anderen teurer.<\/p>\n<p>Es besteht allerdings die M\u00f6glichkeit, den Mobilit\u00e4tsbeitrag (den Teil des Semesterbeitrags, der das Semesterticket betrifft) zur\u00fcckerstattet zu bekommen. Daf\u00fcr musst du einen Antrag auf R\u00fcckerstattung des Mobilit\u00e4tsbeitrags, also einen H\u00e4rtefallantrag, stellen. Das geht jedes Semester. Du findest ihn auf unserer Homepage oder ausgedruckt bei uns im B\u00fcro. Bitte beachte dabei die jeweilige Frist (i.d.R. der Freitag vor Beginn des jeweiligen Semesters). Entschieden wird auf Grundlage deines Einkommens und deiner Ausgaben. Solltest du ein zu hohes Einkommen haben, also kein &#8220;H\u00e4rtefall&#8221; sein, w\u00fcrde dein Antrag abgelehnt. Die R\u00fcckerstattung finanziert sich durch den sogenannten &#8220;Soli-Beitrag&#8221;, der Teil des Semesterbeitrags ist. N\u00e4here Infos findest du in der H\u00e4rtefallordnung.<\/p>\n<p>\u2022 <a href=\"https:\/\/www.asta.uni-siegen.de\/index.php\/about\/sozialberatung\/mob-rueck\/\">R\u00fcckerstattung des Mobilit\u00e4tsbeitrages<\/a><\/p>\n<p>\u2022 <a href=\"https:\/\/www.asta.uni-siegen.de\/wp-content\/uploads\/2019\/09\/H\u00e4rtefallordnung-ab-WiSe-2019-2020.pdf\">H\u00e4rtefallordnung<\/a><\/p>\n<\/details>\n<details open=\"\">\n<summary><strong><span style=\"font-size: large;\">Was muss ich alles f\u00fcr die R\u00fcckerstattung des Mobilit\u00e4tsbeitrags nachweisen?<\/span><\/strong><\/summary>\n<p>Wir ben\u00f6tigen von dir neben den Angaben auf dem Antrag selbst eine Studienbescheinigung des jeweiligen Semesters, den Nachweis \u00fcber deinen Krankenkassenbeitrag, den Nachweis \u00fcber deine monatliche Miete und (ganz wichtig!) Nachweise \u00fcber dein Einkommen der letzten 6 Monate. Dies kann durch Lohnabrechnungen, BAf\u00f6G-Bescheide, Finanzierungserkl\u00e4rungen der Eltern\/Verwandten, Kontoausz\u00fcge usw. geschehen &#8211; Hauptsache wir k\u00f6nnen alles nachvollziehen. Sollte etwas davon fehlen, wird der Antrag wegen Unvollst\u00e4ndigkeit abgelehnt. Reicht den Antrag daher am besten pers\u00f6nlich ein, damit wir nochmal dr\u00fcberschauen und ihn auf Vollst\u00e4ndigkeit \u00fcberpr\u00fcfen k\u00f6nnen.<\/p>\n<\/details>\n<details open=\"\">\n<summary><strong><span style=\"font-size: large;\">Ich habe ein Auto oder nutze das Semesterticket aus anderen Gr\u00fcnden nicht. Kann ich das irgendwie &#8220;abbestellen&#8221;?<\/span><\/strong><\/summary>\n<p>Nein. Die Vertr\u00e4ge mit den Verkehrsbetrieben beruhen auf dem Solidarit\u00e4tsprinzip: Wir bekommen das Semesterticket zu solch g\u00fcnstigen Konditionen, weil alle mit im Boot sitzen. Der Gro\u00dfteil der Studierenden ist darauf angewiesen. W\u00e4re das Semesterticket freiwillig, so w\u00fcrde es f\u00fcr alle anderen viel teurer. Die einzige M\u00f6glichkeit, das Geld wiederzubekommen, l\u00e4uft \u00fcber den Antrag auf R\u00fcckerstattung des Mobilit\u00e4tsbeitrags (s.o.)<\/p>\n<\/details>\n<p><span style=\"color: #1ca686;\"><strong><span style=\"font-size: medium;\">Fragen zur Verfassten Studierendenschaft<\/span><\/strong><\/span><\/p>\n<details open=\"\">\n<summary><strong><span style=\"font-size: large;\">Wie gr\u00fcnde ich eine studentische Initiative?<\/span><\/strong><\/summary>\n<p>1. Schritt: Das schreiben einer Satzung.<br \/>\n2. Schritt: Eine Autonome Fachschaften-Koordination (AFsK) einberufen lassen. Dies ist ein vom AStA unabh\u00e4ngiges Gremium, dass von Fachschaftsr\u00e4ten und bestehenden studentischen Initiativen einberufen werden kann. Wende dich hierf\u00fcr am Besten einfach an deinen Fachschaftsrat.<br \/>\n3. Schritt: Die AFsK wird deine Initiative nach Pr\u00fcfung dem Studierendenparlament (StuPa) vorschlagen, wo \u00fcber deine Initiative abgestimmt und diese im letzten Schritt als Teil der Studierendenschaft anerkannt wird.<\/p>\n<\/details>\n<details>\n<summary><strong><span style=\"font-size: large;\">Wir m\u00f6chten als Studentische Initiative \/ Autonomes Referat \/ studentische Gruppe Werbung auf dem Monitor der Verfassten Studierendenschaft im HB-foyer laufen lassen. Wie funktioniert das?<br \/>\n<\/span><\/strong><\/summary>\n<p>Zur Zeit ist der Monitor nicht aufgeh\u00e4ngt. Sobald das ge\u00e4ndert wurde, besteht auch wieder die M\u00f6glichkeit, Werbung zu machen.<\/p>\n<\/details>\n<details open=\"\">\n<summary><strong><span style=\"font-size: large;\">Ich habe von Burschenschaften und studentischen Verbindungen geh\u00f6rt, was hat es damit auf sich?<\/span><\/strong><\/summary>\n<p>In Siegen gibt es mehrere Burschenschaften und studentische Verbindungen. Wenn du dich nicht auf die einseitige Darstellung der Burschenschaften selbst verlassen willst, empfehlen wir dir einen Blick in unseren Burschi-Reader, den wir bald ver\u00f6ffentlichen. Dieser bem\u00fcht sich um eine kritische und wissenschaftliche Herangehensweise an das Thema.<\/p>\n<\/details>\n<details open=\"\">\n<summary><strong><span style=\"font-size: large;\">Gibt es R\u00e4ume, die wir als Gruppe nutzen k\u00f6nnen?<\/span><\/strong><\/summary>\n<p>Als studentische Initiativen, autonome Referate oder studentischen Gruppen habt ihr immer die M\u00f6glichkeit, Seminarr\u00e4ume f\u00fcr konkrete Veranstaltungen zu buchen. Dazu k\u00f6nnt ihr das Online-Formular des Geb\u00e4udemanagements nutzen.<br \/>\nEine weitere M\u00f6glichkeit ist der Raum der VS. Um diesen Raum zu buchen, m\u00fcsst ihr nur kurz im AStA B\u00fcro vorbei kommen und wir gucken zusammen, ob der Raum zu eurem Termin noch frei ist.<\/p>\n<\/details>\n<p><span style=\"color: #1ca686;\"><strong><span style=\"font-size: medium;\">Fragen zu Beglaubigungen<\/span><\/strong><\/span><\/p>\n<details open=\"\">\n<summary><strong><span style=\"font-size: large;\">Wann und was kann ich bei euch beglaubigen lassen?<\/span><\/strong><\/summary>\n<p>Grunds\u00e4tzlich k\u00f6nnen alle Dokumente, die im Kontext der Universit\u00e4t Siegen erstellt wurden oder f\u00fcr diese eingereicht werden m\u00fcssen, und zudem auf Deutsch sind, von uns beglaubigt werden. Ihr k\u00f6nnt auch offizielle \u00dcbersetzung (d.h. von staatlich anerkannten \u00dcbersetzungsb\u00fcros) bei uns beglaubigen lassen. Wichtig ist, dass wir keine Personaldokumente (Personalausweis, Reisepass etc.) beglaubigen k\u00f6nnen.<\/p>\n<p>\u2022 <a href=\"https:\/\/www.asta.uni-siegen.de\/index.php\/kontakt-service-oeffnungszeiten\/\">Unsere \u00d6ffnungszeiten<\/a><\/p>\n<\/details>\n<p><span style=\"color: #1ca686;\"><strong><span style=\"font-size: medium;\">Fragen zum Baf\u00f6G<\/span><\/strong><\/span><\/p>\n<details open=\"\">\n<summary><strong><span style=\"font-size: large;\">Was muss ich alles einreichen, wenn ich das erste Mal einen Baf\u00f6G-Antrag stelle und was, wenn es eine Folgeantrag ist?<\/span><\/strong><\/summary>\n<p>Erstantrag:<br \/>\n&#8211; Formblatt 1<br \/>\n&#8211; Anlage zu Formblatt 1 (schulischer Werdegang)<br \/>\n&#8211; Das sogenannte Formblatt 2 (Immatrikulationsbescheinungung aus unisono)<br \/>\n&#8211; Formblatt 3 2x (f\u00fcr jedes Elternteil ein Formblatt)<\/p>\n<p>Folgeantrag bis 4. Semester oder ab dem 6. Semester:<br \/>\n&#8211; Formblatt 1<br \/>\n&#8211; Formblatt 2 (Studibescheinigung aus unisono)<br \/>\n&#8211; Formblatt 3 2x (f\u00fcr jedes Elternteil ein Formblatt)<\/p>\n<p>Folgeantrag im 5. Fachsemester:<br \/>\n&#8211; Formblatt 1<br \/>\n&#8211; Formblatt 2 (Studibescheinigung aus unisono)<br \/>\n&#8211; Formblatt 3 2x (f\u00fcr jedes Elternteil ein Formblatt)<br \/>\n&#8211; Formblatt 5 (Leistungsbescheinungung\/\u00dcbersicht aus unisono)!<\/p>\n<p>\u2022 <a href=\"https:\/\/www.asta.uni-siegen.de\/index.php\/about\/sozialberatung\/bafoeg\/\">Mehr Infos erhaltet ihr hier<\/a><\/p>\n<\/details>\n<p><span style=\"color: #1ca686;\"><strong><span style=\"font-size: medium;\">Fragen zur Krankenversicherung<\/span><\/strong><\/span><\/p>\n<details open=\"\">\n<summary><strong><span style=\"font-size: large;\">Kann ich w\u00e4hrend meines Studiums von der privaten Versicherung in eine gesetzliche Versicherung wechseln?<\/span><\/strong><\/summary>\n<p>Nein. Das ist nicht m\u00f6glich, da du zu Beginn deines Studiums eine Verzichtserkl\u00e4rung der gesetzlichen Krankenkassen unterschreibst. Das bedeutet, du musst bis Ende(!) deines Studiums (Bachelor und Master) privat versichert bleiben, auch wenn du 25 Jahre alt bist.<br \/>\nWichtig: Wenn du deine Krankenkasse wechselst, musst du dies umgehend der Universit\u00e4t mitteilen, sonst k\u00f6nnen Konsequenzen folgen wie z.B. die Exmatrikulation.<\/p>\n<p>\u2022 <a href=\"https:\/\/www.asta.uni-siegen.de\/index.php\/about\/sozialberatung\/\">Mehr Infos erhaltet ihr hier<\/a><\/p>\n<\/details>\n<\/details>\n<details open=\"\">\n<summary><span style=\"color: #1ca686;\"><strong><span style=\"font-size: x-large;\">An wen wende ich mich, wenn&#8230;&#8221;?<\/span><\/strong><\/span><\/summary>\n<details open=\"\">\n<summary><strong><span style=\"font-size: large;\">&#8230; ich Fragen zu meinem Baf\u00f6G habe?<\/span><\/strong><\/summary>\n<p>Am besten an unser Referat f\u00fcr Soziales und Internationales. Entweder rufst du an (0271 &#8211; 740 4601) oder du schreibst eine Mail an &lt;sozref@asta.uni-siegen.de&gt;.<\/p>\n<\/details>\n<details open=\"\">\n<summary><strong><span style=\"font-size: large;\">&#8230; wenn ich mich offiziell beschweren will?<\/span><\/strong><\/summary>\n<p>Neben dem AStA hast du noch die M\u00f6glichkeit beim Qualit\u00e4tszentrum Siegen (QZS) deine Sorgen los zu werden. Das QZS ist eine Institution, die sich darum k\u00fcmmert, wenn an der Uni etwas nicht so l\u00e4uft, wie es sein sollte. Du kannst hier entweder deine E-Mail-Adresse angeben und bekommst R\u00fcckmeldung oder du machst es anonym. Dann wird sich der Sache angenommen, ohne dass dir jemand Bescheid geben kann, wie die Sache ausgegangen ist. Wir stehen in Kontakt mit dem QZS, so dass wir sicher sein k\u00f6nnen, dass deine Anliegen ernst genommen werden und bearbeitet werden.<\/p>\n<p>\u2022 <a href=\"https:\/\/www.uni-siegen.de\/start\/die_universitaet\/qualitaetsmanagement\/beschwerdesystem\/?lang=de\">Link kommst du direkt auf die Formularseite<\/a><\/p>\n<\/details>\n<details open=\"\">\n<summary><strong><span style=\"font-size: large;\">&#8230; ich Probleme mit Dozierenden habe?<\/span><\/strong><\/summary>\n<p>Zuerst solltest du schauen, ob dein Fachschaftsrat dir helfen kann. Eine Liste aller FSRe findest du <a href=\"https:\/\/www.asta.uni-siegen.de\/index.php\/studis\/fachschaften\/\">hier.<\/a> Wenn dir da niemand helfen kann, kommst du bei uns im B\u00fcro vorbei und wir versuchen gemeinsam eine L\u00f6sung zu finden.<\/p>\n<\/details>\n<details open=\"\">\n<summary><strong><span style=\"font-size: large;\">&#8230; meine Pr\u00fcfungsanmeldung schief gelaufen ist?<\/span><\/strong><\/summary>\n<p>Du schreibst eine Mail an den*die Dozierenden und an die*den LSF Beauftragte*n. Die beiden m\u00fcssen dich dann nachtr\u00e4glich zu einer Pr\u00fcfung zulassen und in unisono nachtragen.<\/p>\n<\/details>\n<details open=\"\">\n<summary><strong><span style=\"font-size: large;\">&#8230; ich das dritte Mal durch eine Pr\u00fcfung gefallen bin?<\/span><\/strong><\/summary>\n<p>Es besteht die M\u00f6glichkeit Widerspruch gegen das Nichtbestehen einzulegen. Da das allerdings mit einigen juristischen Fakten zusammenh\u00e4ngt, w\u00fcrden wir dir raten, so schnell es geht bei uns im B\u00fcro vorbei zu kommen und mit dem*der Referent*in f\u00fcr akademische Belange einen Termin aus zu machen und gemeinsam zu \u00fcberlegen, wie ihr den Widerspruch angeht. Unsere studentischen Senator*innen haben im Senat nach langem Kampf aber durchgesetzt, dass man drei Freiversuche in seinem Studium hat, die ihr nutzen k\u00f6nnt, wann ihr wollt.<\/p>\n<\/details>\n<details open=\"\">\n<summary><strong><span style=\"font-size: large;\">&#8230; ich mein Studienfach wechseln m\u00f6chte?<\/span><\/strong><\/summary>\n<p>Den Wechsel selber musst du im Studienservicecenter in der Sandstra\u00df vollziehen. Je nachdem von welchem Fach du in welches wechselst, kannst du dir bereits erreichte Credit Points anrechnen lassen. Um f\u00fcr dich einen \u00dcberblick zu erhalten, kannst du mal in deinen Fachschaftsrat gehen oder zu uns kommen, wenn dir da niemand helfen kann. Die endg\u00fcltige Anrechnung macht aber der*die jeweilige Fachstudienberater*in.<\/p>\n<\/details>\n<details open=\"\">\n<summary><strong><span style=\"font-size: large;\">&#8230; mir noch Raum, Geld, etc. f\u00fcr eine Veranstaltung fehlen?<\/span><\/strong><\/summary>\n<p>Es gibt verschiedene M\u00f6glichkeiten an Geld oder R\u00e4ume f\u00fcr Veranstaltunen zu kommen. Wichtig ist, dass sie einen universit\u00e4ren Kontext haben sollten. Das bedeutet, dass sie eine wissenschaftliche Auseinanderssetzung mit einem Thema sein sollten, oder aber von Hochschulmitgliedern organisiert werden sollten. Wie ihr R\u00e4ume bekommt steht weiter oben schon beschrieben. Um Geld f\u00fcr eine Veranstaltung zu bekommen, k\u00f6nnt ihr zum Beispiel Spenden sammeln (durch den ber\u00fchmten Waffelverkauf) oder mit Initiativen, Organisationen oder anderen Gruppen kooperieren und durch Werbung Geld bekommen.<\/p>\n<\/details>\n<\/details>\n<\/details>\n ","protected":false},"excerpt":{"rendered":"<p>H\u00e4ufig gestellte Fragen Grundlegende Fragen Fragen zum Semesterticket Ich bin Erstsemester. Ab wann und in welchem Bereich kann ich das Semesterticket nutzen? Das Deutschlandticket k\u00f6nnt ihr erst ab Semesterbeginn nutzen, f\u00fcr Vorkurse geht das leider nicht. Ich habe geh\u00f6rt, dass man bei Anmeldung seines Erstwohnsitzes in Siegen das Geld f\u00fcr das regionale Semesterticket erstattet bekommt. Wie funktioniert<\/p>\n<p><a class=\"more-link\" href=\"https:\/\/www.asta.uni-siegen.de\/index.php\/faq\/\">Weiterlesen<\/a><\/p>\n","protected":false},"author":1,"featured_media":0,"parent":0,"menu_order":0,"comment_status":"closed","ping_status":"closed","template":"","meta":{"footnotes":""},"class_list":["post-6617","page","type-page","status-publish","hentry"],"_links":{"self":[{"href":"https:\/\/www.asta.uni-siegen.de\/index.php\/wp-json\/wp\/v2\/pages\/6617","targetHints":{"allow":["GET"]}}],"collection":[{"href":"https:\/\/www.asta.uni-siegen.de\/index.php\/wp-json\/wp\/v2\/pages"}],"about":[{"href":"https:\/\/www.asta.uni-siegen.de\/index.php\/wp-json\/wp\/v2\/types\/page"}],"author":[{"embeddable":true,"href":"https:\/\/www.asta.uni-siegen.de\/index.php\/wp-json\/wp\/v2\/users\/1"}],"replies":[{"embeddable":true,"href":"https:\/\/www.asta.uni-siegen.de\/index.php\/wp-json\/wp\/v2\/comments?post=6617"}],"version-history":[{"count":24,"href":"https:\/\/www.asta.uni-siegen.de\/index.php\/wp-json\/wp\/v2\/pages\/6617\/revisions"}],"predecessor-version":[{"id":17630,"href":"https:\/\/www.asta.uni-siegen.de\/index.php\/wp-json\/wp\/v2\/pages\/6617\/revisions\/17630"}],"wp:attachment":[{"href":"https:\/\/www.asta.uni-siegen.de\/index.php\/wp-json\/wp\/v2\/media?parent=6617"}],"curies":[{"name":"wp","href":"https:\/\/api.w.org\/{rel}","templated":true}]}}