{"id":8131,"date":"2019-02-21T12:50:24","date_gmt":"2019-02-21T11:50:24","guid":{"rendered":"https:\/\/www.asta.uni-siegen.de\/asta\/?page_id=8131"},"modified":"2024-12-07T18:13:15","modified_gmt":"2024-12-07T17:13:15","slug":"kostenlose-rechtsberatung-free-legal-advice","status":"publish","type":"page","link":"https:\/\/www.asta.uni-siegen.de\/index.php\/kostenlose-rechtsberatung-free-legal-advice\/","title":{"rendered":"Kostenlose Rechtsberatung \/ Free legal advice"},"content":{"rendered":"<p><strong><span style=\"font-family: Avenir;\">Wichtige Information | Important Information:<\/span><\/strong><\/p>\n<p><span style=\"font-family: Avenir;\">Solltet ihr juristischen Beistand wegen des Krieges in der Ukraine brauchen, k\u00f6nnt ihr euch gerne an die <a href=\"https:\/\/rlc-siegen.de\/du-brauchst-hilfe\/\">Refugee Law Clinic<\/a> wenden.<br \/><\/span>Der AStA bietet eine regelm\u00e4\u00dfige kostenlose Rechtsberatung an. Meldet euch an und sprecht mit unserem Anwalt. Einen Termin f\u00fcr die kostenlose Rechtsberatung k\u00f6nnt ihr in unserem <a href=\"https:\/\/terminplaner6.dfn.de\/b\/6db76fb5f5939b66d6d0ca0badc73736-1003740\">Termintool <\/a>vereinbaren. Bei weiteren Fragen k\u00f6nnt ihr das Sozialreferat unter der E-Mail \u00a0sozref@asta.uni-siegen.de oder telefonisch unter der 0271\/ 7404601 erreichen.<\/p>\n<p>If you need legal advice regarding the war in Ukraine, you are welcome to contact the <a href=\"https:\/\/rlc-siegen.de\/du-brauchst-hilfe\/\">Refugee Law Clinic<\/a>.<br \/><span style=\"font-family: Avenir;\">The AStA offers you a free legal advice. Sign up and talk to our lawyer. <\/span><span style=\"font-family: Avenir;\">You can make an appointment for the free legal advice in our <a href=\"https:\/\/terminplaner6.dfn.de\/b\/6db76fb5f5939b66d6d0ca0badc73736-1003740\">appointment tool<\/a>. <\/span><span style=\"font-family: Avenir;\">If you have further questions, you can contact the social department at sozref@asta.uni-siegen.de or via phone 0271\/ 7404601.<\/span><\/p>\n\n\n<p><\/p>\n ","protected":false},"excerpt":{"rendered":"<p>Wichtige Information | Important Information: Solltet ihr juristischen Beistand wegen des Krieges in der Ukraine brauchen, k\u00f6nnt ihr euch gerne an die Refugee Law Clinic wenden.Der AStA bietet eine regelm\u00e4\u00dfige kostenlose Rechtsberatung an. Meldet euch an und sprecht mit unserem Anwalt. Einen Termin f\u00fcr die kostenlose Rechtsberatung k\u00f6nnt ihr in unserem Termintool vereinbaren. Bei weiteren Fragen k\u00f6nnt<\/p>\n<p><a class=\"more-link\" href=\"https:\/\/www.asta.uni-siegen.de\/index.php\/kostenlose-rechtsberatung-free-legal-advice\/\">Weiterlesen<\/a><\/p>\n","protected":false},"author":1,"featured_media":0,"parent":0,"menu_order":0,"comment_status":"closed","ping_status":"closed","template":"","meta":{"footnotes":""},"class_list":["post-8131","page","type-page","status-publish","hentry"],"_links":{"self":[{"href":"https:\/\/www.asta.uni-siegen.de\/index.php\/wp-json\/wp\/v2\/pages\/8131","targetHints":{"allow":["GET"]}}],"collection":[{"href":"https:\/\/www.asta.uni-siegen.de\/index.php\/wp-json\/wp\/v2\/pages"}],"about":[{"href":"https:\/\/www.asta.uni-siegen.de\/index.php\/wp-json\/wp\/v2\/types\/page"}],"author":[{"embeddable":true,"href":"https:\/\/www.asta.uni-siegen.de\/index.php\/wp-json\/wp\/v2\/users\/1"}],"replies":[{"embeddable":true,"href":"https:\/\/www.asta.uni-siegen.de\/index.php\/wp-json\/wp\/v2\/comments?post=8131"}],"version-history":[{"count":17,"href":"https:\/\/www.asta.uni-siegen.de\/index.php\/wp-json\/wp\/v2\/pages\/8131\/revisions"}],"predecessor-version":[{"id":17178,"href":"https:\/\/www.asta.uni-siegen.de\/index.php\/wp-json\/wp\/v2\/pages\/8131\/revisions\/17178"}],"wp:attachment":[{"href":"https:\/\/www.asta.uni-siegen.de\/index.php\/wp-json\/wp\/v2\/media?parent=8131"}],"curies":[{"name":"wp","href":"https:\/\/api.w.org\/{rel}","templated":true}]}}