{"id":9550,"date":"2018-08-16T12:36:41","date_gmt":"2018-08-16T10:36:41","guid":{"rendered":"https:\/\/www.asta.uni-siegen.de\/?page_id=9550"},"modified":"2018-08-16T12:36:41","modified_gmt":"2018-08-16T10:36:41","slug":"stellenausschreibung-protokollantin-fuer-das-studierendenparlament","status":"publish","type":"page","link":"https:\/\/www.asta.uni-siegen.de\/index.php\/stellenausschreibung-protokollantin-fuer-das-studierendenparlament\/","title":{"rendered":"Stellenausschreibung: Protokollant*in f\u00fcr das Studierendenparlament"},"content":{"rendered":"<p>Das Studierendenparlament sucht ab sofort eine*n Protokollant*in f\u00fcr die regelm\u00e4\u00dfig stattfindenden StuPa-Sitzungen. Alle Belange der Studierendenschaft werden auf den StuPa-Sitzungen besprochen. Eine Sitzung kann daher schon mal zwischen zwei und sieben Stunden dauern und startet in der Regel um 18 Uhr.<\/p>\n<p>Du erh\u00e4ltst f\u00fcr jeden Termin ein Sitzungsgeld in H\u00f6he von 60\u20ac bei bis zu zwei Stunden Dauer. F\u00fcr jede weitere angefangene Stunde erh\u00e4ltst du 30\u20ac. Das Protokoll muss zwingend innerhalb von 7 Tagen fertiggestellt sein.<\/p>\n<p>In der Regel finden die Sitzungen alle 4-6 Wochen statt. <strong>Frist<\/strong> f\u00fcr die Bewerbung ist der <strong>14.09.18<\/strong>.<\/p>\n<p>Bewirb dich jetzt, falls du folgende Kriterien erf\u00fcllst:<\/p>\n<p>du bist Mitglied der Siegener Studierendenschaft<br \/>\ndu hast Kenntnisse von den Strukturen der Verfassten Studierendenschaft<br \/>\ndu beherrschst die deutsche Sprache in Wort und Schrift<br \/>\ndu hast kein StuPa-Mandat<\/p>\n<p>Deine Bewerbung mit kurzem <strong>Motivationsschreiben<\/strong> an:<\/p>\n<p>AStA Uni Siegen<br \/>\nH\u00f6lderlinstra\u00dfe 35<br \/>\n57076 Siegen<br \/>\noder digital an<br \/>\n<a href=\"mailto:asta@uni-siegen.de\">asta@uni-siegen.de<\/a><\/p>\n<p>Du kannst deine Bewerbung nat\u00fcrlich auch w\u00e4hrend unserer \u00d6ffnungszeiten abgeben.<\/p>\n ","protected":false},"excerpt":{"rendered":"<p>Das Studierendenparlament sucht ab sofort eine*n Protokollant*in f\u00fcr die regelm\u00e4\u00dfig stattfindenden StuPa-Sitzungen. Alle Belange der Studierendenschaft werden auf den StuPa-Sitzungen besprochen. Eine Sitzung kann daher schon mal zwischen zwei und sieben Stunden dauern und startet in der Regel um 18 Uhr. Du erh\u00e4ltst f\u00fcr jeden Termin ein Sitzungsgeld in H\u00f6he von 60\u20ac bei bis zu zwei Stunden<\/p>\n<p><a class=\"more-link\" href=\"https:\/\/www.asta.uni-siegen.de\/index.php\/stellenausschreibung-protokollantin-fuer-das-studierendenparlament\/\">Weiterlesen<\/a><\/p>\n","protected":false},"author":1,"featured_media":0,"parent":0,"menu_order":0,"comment_status":"closed","ping_status":"closed","template":"","meta":{"footnotes":""},"class_list":["post-9550","page","type-page","status-publish","hentry"],"_links":{"self":[{"href":"https:\/\/www.asta.uni-siegen.de\/index.php\/wp-json\/wp\/v2\/pages\/9550","targetHints":{"allow":["GET"]}}],"collection":[{"href":"https:\/\/www.asta.uni-siegen.de\/index.php\/wp-json\/wp\/v2\/pages"}],"about":[{"href":"https:\/\/www.asta.uni-siegen.de\/index.php\/wp-json\/wp\/v2\/types\/page"}],"author":[{"embeddable":true,"href":"https:\/\/www.asta.uni-siegen.de\/index.php\/wp-json\/wp\/v2\/users\/1"}],"replies":[{"embeddable":true,"href":"https:\/\/www.asta.uni-siegen.de\/index.php\/wp-json\/wp\/v2\/comments?post=9550"}],"version-history":[{"count":1,"href":"https:\/\/www.asta.uni-siegen.de\/index.php\/wp-json\/wp\/v2\/pages\/9550\/revisions"}],"predecessor-version":[{"id":9551,"href":"https:\/\/www.asta.uni-siegen.de\/index.php\/wp-json\/wp\/v2\/pages\/9550\/revisions\/9551"}],"wp:attachment":[{"href":"https:\/\/www.asta.uni-siegen.de\/index.php\/wp-json\/wp\/v2\/media?parent=9550"}],"curies":[{"name":"wp","href":"https:\/\/api.w.org\/{rel}","templated":true}]}}